{"id":9996,"date":"2023-09-18T14:02:50","date_gmt":"2023-09-18T12:02:50","guid":{"rendered":"https:\/\/www.bizbon.com\/imoniu-supirkimas\/"},"modified":"2023-09-18T14:02:50","modified_gmt":"2023-09-18T12:02:50","slug":"imoniu-supirkimas","status":"publish","type":"page","link":"https:\/\/www.bizbon.com\/lt\/imoniu-supirkimas\/","title":{"rendered":"UAB \u012fmon\u0117s su istorija"},"content":{"rendered":"<h2><span ><strong>\u012emoni\u0173 supirkimas<\/strong><\/span><\/h2>\n<p>Jeigu j\u016bs nusprend\u0117te sustabdyti \u012fmon\u0117s veikl\u0105 ar j\u0105 likviduoti, tai galite padaryti trimis b\u016bdais:<\/p>\n<p>1. &#8220;U\u017e\u0161aldyti&#8221; \u012fmon\u0119, t.y. atleisti visus darbuotojus, i\u0161registruoti \u012fmon\u0119 i\u0161 PVM. Ta\u010diau vistiek \u0161iuo atveju reik\u0117s teikti metines finansines ataskaitas;<br \/>\n2. Likviduoti \u012fmon\u0119. Tai u\u017etrunka ilgai (2-3 m\u0117nesiai ir daugiau), be to likvidavimas kainuoja daugiau nei \u012fmon\u0117s \u012fsteigimas.<br \/>\n3. Parduoti \u012fmon\u0119. Pirkimo &#8211; pardavimo procesas trunka apie 2 savaites.<\/p>\n<p>\u012esigykite \u012fsteigt\u0105 \u012fmon\u0119 ir lengvai prad\u0117kite savo versl\u0105 Lietuvoje vos per 1 darbo dien\u0105. Visos m\u016bs\u0173 si\u016blomos Lietuvos \u012fmon\u0117s yra geros b\u016bkl\u0117s ir neturi joki\u0173 skol\u0173 ar kit\u0173 \u012fsipareigojim\u0173.<\/p>\n<h2>Lietuvos \u012fmon\u0117s su gera istorija<\/h2>\n<p>Lietuvoje \u012fsteigta u\u017edaroji akcin\u0117 bendrov\u0117 paprastai yra \u012fmon\u0117, nebevykdanti jokios veiklos ir neturinti skol\u0173 ar kit\u0173 \u012fsipareigojim\u0173 (pvz. suteiktos darb\u0173 ar prek\u0173 garantijos), tvarking \u012fmon\u0117s buhaleriniai dokumentai. \u0160ias Lietuvoje veikian\u010dias \u012fmones da\u017enai pasirenka klientai, kurie nori pirkti jau \u012fsteigt\u0105 bendrov\u0119, sutaupyti laiko ir nenori laukti, kol bus u\u017eregistruota nauja bendrov\u0117. Asmuo pirkdamas \u012fsteigt\u0105 Lietuvoje \u012fmon\u0119, gali prad\u0117ti ja naudotis t\u0105 pa\u010di\u0105 dien\u0105, nes visi dokumentai ir \u012fmon\u0117s antspaudas yra paruo\u0161ti. Belieka tik perregistruoti banko s\u0105skait\u0105; \u0161i banko proced\u016bra gali u\u017etrukti iki 3 dien\u0173.<br \/>\nJei turie \u012fmon\u0117s pirk\u0117j\u0105, tuomet i\u0161 karto organizuojame pirkim\u0105 &#8211; pardavim\u0105 tarp pirk\u0117jo ir pardav\u0117jo. Kitu atveju perkame \u012fmon\u0119 ir v\u0117liau j\u0105 perparduodame pirk\u0117jui, kai toks atsiranda.<\/p>\n<h2>Lietuvos \u012fmon\u0117 su licencija<\/h2>\n<p>Ypa\u010d vertinamos \u012fmon\u0117s, kurios turi papildomas licencija ar veiklos ledimus: transporto (TIR), statybos ir t.t, kurios galioja ir yra patvirtintos Lietuvos valstybini\u0173 institucij\u0173. Atsi\u017evelgiant \u012f tai, kad n\u0117ra daug \u012fmoni\u0173 su gera istorija, tokios \u012fmon\u0117s yra brangesn\u0117s, ta\u010diau labiau vertinamos palyginti su naujai \u012fregistruotomis \u012fmon\u0117mis.<\/p>\n<h2>Kaip parduoti-pirkti \u012fmon\u0119?<\/h2>\n<p>\u012emon\u0117s ar verslo pirkimo &#8211; pardavimo atveju bus reikalingas notaras bei reik\u0117s u\u017epildyti Registro centro dokumentus.\u00a0 Svarbu pamin\u0117ti, kad pardav\u0117jas parduodamas \u012fmon\u0117s akcijas turi gauti ir savo sutuoktinio pritarim\u0105. Sutuktinis privalo atvykti pas natorar\u0105 arba suteikti notarin\u012f leidim\u0105 \/ \u012fgaliojim\u0105 parduoti bendrov\u0117s akcijas.<\/p>\n","protected":false},"excerpt":{"rendered":"<p>\u012emoni\u0173 supirkimas Jeigu j\u016bs nusprend\u0117te sustabdyti \u012fmon\u0117s veikl\u0105 ar j\u0105 likviduoti, tai galite padaryti trimis b\u016bdais: 1. &#8220;U\u017e\u0161aldyti&#8221; \u012fmon\u0119, t.y. [&hellip;]<\/p>\n","protected":false},"author":2,"featured_media":9177,"parent":0,"menu_order":0,"comment_status":"closed","ping_status":"open","template":"page-leftsidebar.php","meta":{"_acf_changed":false,"footnotes":""},"class_list":["post-9996","page","type-page","status-publish","has-post-thumbnail","hentry"],"acf":[],"_links":{"self":[{"href":"https:\/\/www.bizbon.com\/lt\/wp-json\/wp\/v2\/pages\/9996","targetHints":{"allow":["GET"]}}],"collection":[{"href":"https:\/\/www.bizbon.com\/lt\/wp-json\/wp\/v2\/pages"}],"about":[{"href":"https:\/\/www.bizbon.com\/lt\/wp-json\/wp\/v2\/types\/page"}],"author":[{"embeddable":true,"href":"https:\/\/www.bizbon.com\/lt\/wp-json\/wp\/v2\/users\/2"}],"replies":[{"embeddable":true,"href":"https:\/\/www.bizbon.com\/lt\/wp-json\/wp\/v2\/comments?post=9996"}],"version-history":[{"count":0,"href":"https:\/\/www.bizbon.com\/lt\/wp-json\/wp\/v2\/pages\/9996\/revisions"}],"wp:featuredmedia":[{"embeddable":true,"href":"https:\/\/www.bizbon.com\/lt\/wp-json\/wp\/v2\/media\/9177"}],"wp:attachment":[{"href":"https:\/\/www.bizbon.com\/lt\/wp-json\/wp\/v2\/media?parent=9996"}],"curies":[{"name":"wp","href":"https:\/\/api.w.org\/{rel}","templated":true}]}}