{"id":9994,"date":"2021-11-03T23:00:34","date_gmt":"2021-11-03T21:00:34","guid":{"rendered":"https:\/\/www.bizbon.com\/verslo-konsultaciju-ir-apskaitos-centras\/"},"modified":"2021-11-03T23:00:34","modified_gmt":"2021-11-03T21:00:34","slug":"verslo-konsultaciju-ir-apskaitos-centras","status":"publish","type":"page","link":"https:\/\/www.bizbon.com\/lt\/verslo-konsultaciju-ir-apskaitos-centras\/","title":{"rendered":"Verslo konsultacij\u0173 ir apskaitos centras"},"content":{"rendered":"<p style=\"text-align: center;\">Verslo partneri\u0173 ir investuotoj\u0173 paie\u0161ka.\u00a0Teisin\u0117s ir mokes\u010di\u0173 konsultacijos.<\/p>\n<p>&nbsp;<\/p>\n<h2><a href=\"https:\/\/www.bizbon.com\/lt\/verslo-pirkimas-ir-pardavimas-lietuvoje\/\"><strong>Verslo pardavimas<\/strong><\/a><\/h2>\n<p>Jei ketinate parduoti versl\u0105 visuomet naudinga pasikonsultuoti su specialistai. Galime rasti potenciali\u0173 klient\u0173 tiek Lietuvoje tiek u\u017esienyje. Rengiame verslo pirkimo &#8211; pardavimo dokumentus, konsultuojame verslo vertinimo ir kainos nustatymo klausimais. <a href=\"https:\/\/www.bizbon.com\/lt\/verslo-pirkimas-ir-pardavimas-lietuvoje\/\">Skaityti daugiau&#8230;<\/a><\/p>\n<h2><a href=\"https:\/\/www.bizbon.com\/lt\/leidimai-uzsienieciams-gyventi-lietuvos-respublikoje\/\"><strong>U\u017esienie\u010di\u0173 \u012fdarbinimas<\/strong><\/a><\/h2>\n<p>Asistuojame Lietuvos \u012fmonems \u012fdarbinant u\u017esienie\u010dius i\u0161 \u012fvairi\u0173 \u0161ali\u0173: Europos S\u0105jungos ir Europos S\u0105jungai nepriklausan\u010di\u0173 \u0161ali\u0173 pilie\u010dius. Ruo\u0161iame dokumentus ir atstovaujame migracijos departamente bei ambasadose. <a href=\"https:\/\/www.bizbon.com\/lt\/leidimai-uzsienieciams-gyventi-lietuvos-respublikoje\/\">Skaityti daugiau&#8230;<\/a><\/p>\n<h2><a href=\"https:\/\/www.bizbon.com\/lt\/verslo-licencijos-leidimai\/\"><strong>Licencijos ir leidimai verslui<\/strong><\/a><\/h2>\n<p>Kai kurioms verslo kryptims nepakanka tur\u0117ti vien \u012fsisteigus juridin\u012f asmen\u012f. Tokios veiklos, kaip prekyba alkoholiu ar tabako gaminiais, \u012fvairios maitinimo \u012fstaigos, keleivi\u0173 perve\u017eimo ir kitas paslaugas teikian\u010dios \u012fmon\u0117s privalo tur\u0117ti tam tikrus leidimus ir licencijas verstis tokia veikla. <a href=\"https:\/\/www.bizbon.com\/lt\/verslo-licencijos-leidimai\/\">Skaityti daugiau&#8230;<\/a><\/p>\n<h2><a href=\"https:\/\/www.bizbon.com\/lt\/teisines-juridines-paslaugos\/\"><strong>Teisin\u0117s paslaugos verslui<\/strong><\/a><\/h2>\n<p>\u0160i\u0173 dien\u0173 verslininkai sunkiai bei\u0161siverst\u0173 be profesionali\u0173 teisinink\u0173 pagalbos vykdant versl\u0173 sujungim\u0105, atskyrim\u0105, pirkim\u0105 ar pardavim\u0105. Tai tik kelios sritys, kurios reikalauja auk\u0161tos procesams vadovaujan\u010dio tesininko kvalifikacijos. \u00a0<a href=\"https:\/\/www.bizbon.com\/lt\/teisines-juridines-paslaugos\/\">Skaityti daugiau&#8230;<\/a><\/p>\n<h2><a href=\"https:\/\/www.bizbon.com\/lt\/buhalterine-apskaita\/\"><strong>Buhalterin\u0117 apskaita<\/strong><\/a><\/h2>\n<p>Jau daugiau nei de\u0161imt met\u0173 r\u016bpinam\u0117s, kad m\u016bs\u0173 klientams priklausan\u010di\u0173 \u012fmoni\u0173 buhalterija b\u016bt\u0173 nepriekai\u0161tinga ir savalaik\u0117 informacij\u0105 verslo valdytojams. Profesionali\u0173 buhalteri\u0173 komanda visuomet pasiruo\u0161usi patarta ir pakonsultuoti \u012fvairiais mokestiniais klausimais. <a href=\"https:\/\/www.bizbon.com\/lt\/buhalterine-apskaita\/\">Skaityti daugiau&#8230;<\/a><\/p>\n<h2><strong>\u012emoni\u0173 steigimas<\/strong><\/h2>\n<p>Steigiame naujas U\u017edaras Akcines Bendroves (sutrumpintai &#8211; &#8220;UAB&#8221;), visuomet turime pasi\u016blyti jau \u012fsteigt\u0173 nauj\u0173 ar net keletos met\u0173 senumo \u012fmoni\u0173. Yra galimyb\u0117 \u012fsigyti \u012fmon\u0119 su veiklos istorija. <a href=\"https:\/\/www.bizbon.com\/lt\/uab-imones-steigimas-vilniuje\/\">Skaityti daugiau&#8230;<\/a><\/p>\n<h2><span style=\"color: #ffffff;\"><strong><a href=\"https:\/\/www.bizbon.com\/lt\/kontaktai\/\">Para\u0161ykite mums \u017einut\u0119<\/a><\/strong><\/span><\/h2>\n","protected":false},"excerpt":{"rendered":"<p>Verslo partneri\u0173 ir investuotoj\u0173 paie\u0161ka.\u00a0Teisin\u0117s ir mokes\u010di\u0173 konsultacijos. &nbsp; Verslo pardavimas Jei ketinate parduoti versl\u0105 visuomet naudinga pasikonsultuoti su specialistai. [&hellip;]<\/p>\n","protected":false},"author":2,"featured_media":9177,"parent":0,"menu_order":0,"comment_status":"closed","ping_status":"open","template":"page-leftsidebar.php","meta":{"_acf_changed":false,"footnotes":""},"class_list":["post-9994","page","type-page","status-publish","has-post-thumbnail","hentry"],"acf":[],"_links":{"self":[{"href":"https:\/\/www.bizbon.com\/lt\/wp-json\/wp\/v2\/pages\/9994","targetHints":{"allow":["GET"]}}],"collection":[{"href":"https:\/\/www.bizbon.com\/lt\/wp-json\/wp\/v2\/pages"}],"about":[{"href":"https:\/\/www.bizbon.com\/lt\/wp-json\/wp\/v2\/types\/page"}],"author":[{"embeddable":true,"href":"https:\/\/www.bizbon.com\/lt\/wp-json\/wp\/v2\/users\/2"}],"replies":[{"embeddable":true,"href":"https:\/\/www.bizbon.com\/lt\/wp-json\/wp\/v2\/comments?post=9994"}],"version-history":[{"count":0,"href":"https:\/\/www.bizbon.com\/lt\/wp-json\/wp\/v2\/pages\/9994\/revisions"}],"wp:featuredmedia":[{"embeddable":true,"href":"https:\/\/www.bizbon.com\/lt\/wp-json\/wp\/v2\/media\/9177"}],"wp:attachment":[{"href":"https:\/\/www.bizbon.com\/lt\/wp-json\/wp\/v2\/media?parent=9994"}],"curies":[{"name":"wp","href":"https:\/\/api.w.org\/{rel}","templated":true}]}}