{"id":9597,"date":"2020-07-27T07:01:47","date_gmt":"2020-07-27T07:01:47","guid":{"rendered":"https:\/\/www.bizbon.com\/contact\/"},"modified":"2024-03-21T02:31:02","modified_gmt":"2024-03-21T00:31:02","slug":"kontaktai","status":"publish","type":"page","link":"https:\/\/www.bizbon.com\/lt\/kontaktai\/","title":{"rendered":"Kontaktai"},"content":{"rendered":"\t\t<div data-elementor-type=\"wp-page\" data-elementor-id=\"9597\" class=\"elementor elementor-9597 elementor-247\" data-elementor-post-type=\"page\">\n\t\t\t\t\t\t<section class=\"elementor-section elementor-top-section elementor-element elementor-element-6d9b38e elementor-section-stretched elementor-section-full_width padding-top-o elementor-section-height-default elementor-section-height-default\" data-id=\"6d9b38e\" data-element_type=\"section\" data-settings=\"{&quot;stretch_section&quot;:&quot;section-stretched&quot;}\">\n\t\t\t\t\t\t<div class=\"elementor-container elementor-column-gap-no\">\n\t\t\t\t\t<div class=\"elementor-column elementor-col-100 elementor-top-column elementor-element elementor-element-3a50985\" data-id=\"3a50985\" data-element_type=\"column\">\n\t\t\t<div class=\"elementor-widget-wrap elementor-element-populated\">\n\t\t\t\t\t\t<div class=\"elementor-element elementor-element-926661d elementor-widget elementor-widget-visarzo_contact_map\" data-id=\"926661d\" data-element_type=\"widget\" data-widget_type=\"visarzo_contact_map.default\">\n\t\t\t\t<div class=\"elementor-widget-container\">\n\t\t\t\t\t\t\t<!-- contact-page-section -->\r\n\t\t<section class=\"contact-page-section\">\r\n\t\t\t<div class=\"auto-container\">\r\n\t\t\t\t<div class=\"map-inner\">\r\n\t\t\t\t\t<div class=\"top-inner\">\r\n\t\t\t\t\t\t<div class=\"row clearfix\">\r\n\t\t\t\t\t\t\t<div class=\"col-lg-5 col-md-12 col-sm-12 title-column\">\r\n\t\t\t\t\t\t\t\t<div class=\"sec-title\">\r\n\t\t\t\t\t\t\t\t\t<p><\/p>\r\n\t\t\t\t\t\t\t\t\t<h1 class=\"map\">Apie mus<\/h1>\r\n\t\t\t\t\t\t\t\t\t<div class=\"dotted-box\">\r\n\t\t\t\t\t\t\t\t\t\t<span class=\"dotted\"><\/span>\r\n\t\t\t\t\t\t\t\t\t\t<span class=\"dotted\"><\/span>\r\n\t\t\t\t\t\t\t\t\t\t<span class=\"dotted\"><\/span>\r\n\t\t\t\t\t\t\t\t\t<\/div>\r\n\t\t\t\t\t\t\t\t<\/div>\r\n\t\t\t\t\t\t\t<\/div>\r\n\t\t\t\t\t\t\t<div class=\"col-lg-7 col-md-12 col-sm-12 text-column\">\r\n\t\t\t\t\t\t\t\t<div class=\"text\">\r\n\t\t\t\t\t\t\t\t\t<p>Verslo konsultavimo veikl\u0105 prad\u0117jome 2005 m. M\u016bs\u0173 paslaugos apima tokias sritis kaip \u012fmoni\u0173 steigimas, verslo pirkimas-pardavimas, buhalterin\u0117s apskaitos paslaugos. Kadangi \u012f mus kreipiasi nema\u017eai u\u017esienie\u010di\u0173, si\u016blome ir imigracijos konsultavimos paslaugas. Taip pat paskutiniu metu yra i\u0161aug\u0119s Lietuvos \u012fmoni\u0173 poreikis \u012fdarbinti darbuotojus i\u0161 tre\u010di\u0173ju \u0161ali\u0173.\n\n\nIlgamet\u0117 m\u016bs\u0173 darbo patirtis leid\u017eia objektyviai \u012fvertinti \u012fvairius susidariusius verslo klausimus bei parinkti optimalius spredimo b\u016bdus. Savo klientams pasi\u016blymus pateikiame pasitar\u0119 su savo teisininkais bei mokes\u010di\u0173 ir buhalterijos ekspertais. Turime patirties dirbant ne tik su Lietuvos rinka, bet ir su Europos bei kitomis pasaulio \u0161alimis (Indija, Pakistanas, Iranas, Nigerija, Rusija it kt.). Esant kliento pageidavimui galime teikti paslaugas ir u\u017e Lietuvos rib\u0173.<\/p>\r\n\t\t\t\t\t\t\t\t<\/div>\r\n\t\t\t\t\t\t\t<\/div>\r\n\t\t\t\t\t\t<\/div>\r\n\t\t\t\t\t<\/div>\r\n\t\t\t\t\t<div class=\"map-column\">\r\n\t\t\t\t\t\t\t\t\t\t\t<\/div>\r\n\t\t\t\t<\/div>\r\n\t\t\t<\/div>\r\n\t\t<\/section>\r\n\t\t<!-- contact-page-section end --> \r\n\t\t\t\t\t\t<\/div>\n\t\t\t\t<\/div>\n\t\t\t\t\t<\/div>\n\t\t<\/div>\n\t\t\t\t\t<\/div>\n\t\t<\/section>\n\t\t\t\t<section class=\"elementor-section elementor-top-section elementor-element elementor-element-7b8580f elementor-section-stretched elementor-section-full_width elementor-section-height-default elementor-section-height-default\" data-id=\"7b8580f\" data-element_type=\"section\" data-settings=\"{&quot;stretch_section&quot;:&quot;section-stretched&quot;}\">\n\t\t\t\t\t\t<div class=\"elementor-container elementor-column-gap-no\">\n\t\t\t\t\t<div class=\"elementor-column elementor-col-100 elementor-top-column elementor-element elementor-element-01a5a9f\" data-id=\"01a5a9f\" data-element_type=\"column\">\n\t\t\t<div class=\"elementor-widget-wrap\">\n\t\t\t\t\t\t\t<\/div>\n\t\t<\/div>\n\t\t\t\t\t<\/div>\n\t\t<\/section>\n\t\t<div class=\"elementor-element elementor-element-e5af6ab e-con-full e-flex e-con e-parent\" data-id=\"e5af6ab\" data-element_type=\"container\">\n\t\t<div class=\"elementor-element elementor-element-de2b26e e-flex e-con-boxed e-con e-child\" data-id=\"de2b26e\" data-element_type=\"container\">\n\t\t\t\t\t<div class=\"e-con-inner\">\n\t\t<div class=\"elementor-element elementor-element-a21c3fb e-flex e-con-boxed e-con e-child\" data-id=\"a21c3fb\" data-element_type=\"container\">\n\t\t\t\t\t<div class=\"e-con-inner\">\n\t\t\t\t<div class=\"elementor-element elementor-element-7ae462c elementor-view-default elementor-position-top elementor-mobile-position-top elementor-widget elementor-widget-icon-box\" data-id=\"7ae462c\" data-element_type=\"widget\" data-widget_type=\"icon-box.default\">\n\t\t\t\t<div class=\"elementor-widget-container\">\n\t\t\t\t\t\t\t<div class=\"elementor-icon-box-wrapper\">\n\n\t\t\t\t\t\t<div class=\"elementor-icon-box-icon\">\n\t\t\t\t<a href=\"#\" class=\"elementor-icon\" tabindex=\"-1\" aria-label=\"M\u016bs\u0173 adresas\">\n\t\t\t\t<i aria-hidden=\"true\" class=\" flaticon-pin\"><\/i>\t\t\t\t<\/a>\n\t\t\t<\/div>\n\t\t\t\n\t\t\t\t\t\t<div class=\"elementor-icon-box-content\">\n\n\t\t\t\t\t\t\t\t\t<h5 class=\"elementor-icon-box-title\">\n\t\t\t\t\t\t<a href=\"#\" >\n\t\t\t\t\t\t\tM\u016bs\u0173 adresas\t\t\t\t\t\t<\/a>\n\t\t\t\t\t<\/h5>\n\t\t\t\t\n\t\t\t\t\t\t\t\t\t<p class=\"elementor-icon-box-description\">\n\t\t\t\t\t\t<a href=\"#\">Laisves pr. 125 (LT-06118) Vilnius, Lithuania<\/a>\t\t\t\t\t<\/p>\n\t\t\t\t\n\t\t\t<\/div>\n\t\t\t\n\t\t<\/div>\n\t\t\t\t\t\t<\/div>\n\t\t\t\t<\/div>\n\t\t\t\t\t<\/div>\n\t\t\t\t<\/div>\n\t\t<div class=\"elementor-element elementor-element-a2c0025 e-flex e-con-boxed e-con e-child\" data-id=\"a2c0025\" data-element_type=\"container\">\n\t\t\t\t\t<div class=\"e-con-inner\">\n\t\t\t\t<div class=\"elementor-element elementor-element-2fb5f6b elementor-view-default elementor-position-top elementor-mobile-position-top elementor-widget elementor-widget-icon-box\" data-id=\"2fb5f6b\" data-element_type=\"widget\" data-widget_type=\"icon-box.default\">\n\t\t\t\t<div class=\"elementor-widget-container\">\n\t\t\t\t\t\t\t<div class=\"elementor-icon-box-wrapper\">\n\n\t\t\t\t\t\t<div class=\"elementor-icon-box-icon\">\n\t\t\t\t<a href=\"tel:+370%20648%2070776\" class=\"elementor-icon\" tabindex=\"-1\" aria-label=\"Paskambinkite mums\">\n\t\t\t\t<i aria-hidden=\"true\" class=\" flaticon-call\"><\/i>\t\t\t\t<\/a>\n\t\t\t<\/div>\n\t\t\t\n\t\t\t\t\t\t<div class=\"elementor-icon-box-content\">\n\n\t\t\t\t\t\t\t\t\t<h4 class=\"elementor-icon-box-title\">\n\t\t\t\t\t\t<a href=\"tel:+370%20648%2070776\" >\n\t\t\t\t\t\t\tPaskambinkite mums\t\t\t\t\t\t<\/a>\n\t\t\t\t\t<\/h4>\n\t\t\t\t\n\t\t\t\t\t\t\t\t\t<p class=\"elementor-icon-box-description\">\n\t\t\t\t\t\t<a href=\"tel:+370 648 70776\">+370 648 70776<\/a>\t\t\t\t\t<\/p>\n\t\t\t\t\n\t\t\t<\/div>\n\t\t\t\n\t\t<\/div>\n\t\t\t\t\t\t<\/div>\n\t\t\t\t<\/div>\n\t\t\t\t\t<\/div>\n\t\t\t\t<\/div>\n\t\t<div class=\"elementor-element elementor-element-39425fd e-flex e-con-boxed e-con e-child\" data-id=\"39425fd\" data-element_type=\"container\">\n\t\t\t\t\t<div class=\"e-con-inner\">\n\t\t\t\t<div class=\"elementor-element elementor-element-0c566a9 elementor-view-default elementor-position-top elementor-mobile-position-top elementor-widget elementor-widget-icon-box\" data-id=\"0c566a9\" data-element_type=\"widget\" data-widget_type=\"icon-box.default\">\n\t\t\t\t<div class=\"elementor-widget-container\">\n\t\t\t\t\t\t\t<div class=\"elementor-icon-box-wrapper\">\n\n\t\t\t\t\t\t<div class=\"elementor-icon-box-icon\">\n\t\t\t\t<a href=\"mailto:info@bizbon.com\" class=\"elementor-icon\" tabindex=\"-1\" aria-label=\"Atsi\u0173skite \u017einut\u0119\">\n\t\t\t\t<i aria-hidden=\"true\" class=\" flaticon-envelope\"><\/i>\t\t\t\t<\/a>\n\t\t\t<\/div>\n\t\t\t\n\t\t\t\t\t\t<div class=\"elementor-icon-box-content\">\n\n\t\t\t\t\t\t\t\t\t<h4 class=\"elementor-icon-box-title\">\n\t\t\t\t\t\t<a href=\"mailto:info@bizbon.com\" >\n\t\t\t\t\t\t\tAtsi\u0173skite \u017einut\u0119\t\t\t\t\t\t<\/a>\n\t\t\t\t\t<\/h4>\n\t\t\t\t\n\t\t\t\t\t\t\t\t\t<p class=\"elementor-icon-box-description\">\n\t\t\t\t\t\t<a href=\"mailto:info@bizbon.com\">info@bizbon.com<\/a>\t\t\t\t\t<\/p>\n\t\t\t\t\n\t\t\t<\/div>\n\t\t\t\n\t\t<\/div>\n\t\t\t\t\t\t<\/div>\n\t\t\t\t<\/div>\n\t\t\t\t\t<\/div>\n\t\t\t\t<\/div>\n\t\t\t\t\t<\/div>\n\t\t\t\t<\/div>\n\t\t\t\t<\/div>\n\t\t\t\t<section class=\"elementor-section elementor-top-section elementor-element elementor-element-d90774f elementor-section-stretched elementor-section-full_width padding-top-o elementor-section-height-default elementor-section-height-default\" data-id=\"d90774f\" data-element_type=\"section\" data-settings=\"{&quot;stretch_section&quot;:&quot;section-stretched&quot;}\">\n\t\t\t\t\t\t<div class=\"elementor-container elementor-column-gap-no\">\n\t\t\t\t\t<div class=\"elementor-column elementor-col-100 elementor-top-column elementor-element elementor-element-c6ca953\" data-id=\"c6ca953\" data-element_type=\"column\">\n\t\t\t<div class=\"elementor-widget-wrap elementor-element-populated\">\n\t\t\t\t\t\t<div class=\"elementor-element elementor-element-596b552 elementor-widget elementor-widget-spacer\" data-id=\"596b552\" data-element_type=\"widget\" data-widget_type=\"spacer.default\">\n\t\t\t\t<div class=\"elementor-widget-container\">\n\t\t\t\t\t\t\t<div class=\"elementor-spacer\">\n\t\t\t<div class=\"elementor-spacer-inner\"><\/div>\n\t\t<\/div>\n\t\t\t\t\t\t<\/div>\n\t\t\t\t<\/div>\n\t\t\t\t<div class=\"elementor-element elementor-element-d92b32f elementor-widget-divider--view-line elementor-widget elementor-widget-divider\" data-id=\"d92b32f\" data-element_type=\"widget\" data-widget_type=\"divider.default\">\n\t\t\t\t<div class=\"elementor-widget-container\">\n\t\t\t\t\t\t\t<div class=\"elementor-divider\">\n\t\t\t<span class=\"elementor-divider-separator\">\n\t\t\t\t\t\t<\/span>\n\t\t<\/div>\n\t\t\t\t\t\t<\/div>\n\t\t\t\t<\/div>\n\t\t\t\t<div class=\"elementor-element elementor-element-471b601 elementor-widget elementor-widget-spacer\" data-id=\"471b601\" data-element_type=\"widget\" data-widget_type=\"spacer.default\">\n\t\t\t\t<div class=\"elementor-widget-container\">\n\t\t\t\t\t\t\t<div class=\"elementor-spacer\">\n\t\t\t<div class=\"elementor-spacer-inner\"><\/div>\n\t\t<\/div>\n\t\t\t\t\t\t<\/div>\n\t\t\t\t<\/div>\n\t\t\t\t<div class=\"elementor-element elementor-element-0aa9930 elementor-widget elementor-widget-visarzo_contact_form\" data-id=\"0aa9930\" data-element_type=\"widget\" data-widget_type=\"visarzo_contact_form.default\">\n\t\t\t\t<div class=\"elementor-widget-container\">\n\t\t\t\t\t <!-- contact-section -->\r\n\t\t\t\t<section class=\"contact-page-section\">\r\n\t\t\t<div class=\"auto-container\">\r\n\t\t\t\t\r\n\r\n\t\t\t\t<div class=\"contact-form-inner\">\r\n\t\t\t\t\t<div class=\"sec-title centred\">\r\n\t\t\t\t\t<h2 class=\"contact_page\">Susisiekime<\/h2>\r\n\t\t\t\t\t\t<div class=\"dotted-box\">\r\n\t\t\t\t\t\t\t<span class=\"dotted\"><\/span>\r\n\t\t\t\t\t\t\t<span class=\"dotted\"><\/span>\r\n\t\t\t\t\t\t\t<span class=\"dotted\"><\/span>\r\n\t\t\t\t\t\t<\/div>\r\n\t\t\t\t\t<\/div>\r\n\t\t\t\t\t<div class=\"form-inner\">\r\n\t\t\t\t\t<div class=\"elementor-shortcode yachercore-contact_cf7-0\">\n<div class=\"wpcf7 no-js\" id=\"wpcf7-f9602-o1\" lang=\"en-US\" dir=\"ltr\" data-wpcf7-id=\"9602\">\n<div class=\"screen-reader-response\"><p role=\"status\" aria-live=\"polite\" aria-atomic=\"true\"><\/p> <ul><\/ul><\/div>\n<form action=\"\/lt\/wp-json\/wp\/v2\/pages\/9597#wpcf7-f9602-o1\" method=\"post\" class=\"wpcf7-form init\" aria-label=\"Contact form\" novalidate=\"novalidate\" data-status=\"init\">\n<fieldset class=\"hidden-fields-container\"><input type=\"hidden\" name=\"_wpcf7\" value=\"9602\" \/><input type=\"hidden\" name=\"_wpcf7_version\" value=\"6.1.3\" \/><input type=\"hidden\" name=\"_wpcf7_locale\" value=\"en_US\" \/><input type=\"hidden\" name=\"_wpcf7_unit_tag\" value=\"wpcf7-f9602-o1\" \/><input type=\"hidden\" name=\"_wpcf7_container_post\" value=\"0\" \/><input type=\"hidden\" name=\"_wpcf7_posted_data_hash\" value=\"\" \/><input type=\"hidden\" name=\"_wpcf7_recaptcha_response\" value=\"\" \/>\n<\/fieldset>\n<div class=\"row clearfix\">\n\t<div class=\"col-lg-6 col-md-6 col-sm-12 form-group\">\n\t\t<p><span class=\"wpcf7-form-control-wrap\" data-name=\"username\"><input size=\"40\" maxlength=\"400\" class=\"wpcf7-form-control wpcf7-text wpcf7-validates-as-required\" aria-required=\"true\" aria-invalid=\"false\" placeholder=\"J\u016bs\u0173 vardas\" value=\"\" type=\"text\" name=\"username\" \/><\/span>\n\t\t<\/p>\n\t<\/div>\n\t<div class=\"col-lg-6 col-md-6 col-sm-12 form-group\">\n\t\t<p><span class=\"wpcf7-form-control-wrap\" data-name=\"your-email\"><input size=\"40\" maxlength=\"400\" class=\"wpcf7-form-control wpcf7-email wpcf7-validates-as-required wpcf7-text wpcf7-validates-as-email\" aria-required=\"true\" aria-invalid=\"false\" placeholder=\"El-pa\u0161tas\" value=\"\" type=\"email\" name=\"your-email\" \/><\/span>\n\t\t<\/p>\n\t<\/div>\n<\/div>\n<div class=\"row clearfix\">\n\t<div class=\"col-lg-12 col-md-12 col-sm-12 form-group\">\n\t\t<p><span class=\"wpcf7-form-control-wrap\" data-name=\"message\"><textarea cols=\"40\" rows=\"10\" maxlength=\"2000\" minlength=\"20\" class=\"wpcf7-form-control wpcf7-textarea wpcf7-validates-as-required\" aria-required=\"true\" aria-invalid=\"false\" placeholder=\"\u017dinut\u0117\" name=\"message\"><\/textarea><\/span>\n\t\t<\/p>\n\t<\/div>\n\t<div class=\"col-lg-12 col-md-12 col-sm-12 form-group message-btn centred\">\n\t\t<p><button class=\"theme-btn-two wpcf7-form-control wpcf7-submit\" type=\"submit\" name=\"submit-form\"><i class=\"flaticon-send\"><\/i>Si\u0173sti \u017einut\u0119<\/button>\n\t\t<\/p>\n\t<\/div>\n<\/div><div class=\"wpcf7-response-output\" aria-hidden=\"true\"><\/div>\n<\/form>\n<\/div>\n<\/div>\t\t\t\t\t<\/div>\r\n\t\t\t\t<\/div>\r\n\r\n\t\t\t<\/div>\r\n\t\t<\/section>\r\n\t\t\t\t\t\t<\/div>\n\t\t\t\t<\/div>\n\t\t\t\t\t<\/div>\n\t\t<\/div>\n\t\t\t\t\t<\/div>\n\t\t<\/section>\n\t\t<div class=\"elementor-element elementor-element-8805db4 e-con-full e-flex e-con e-parent\" data-id=\"8805db4\" data-element_type=\"container\">\n\t\t<div class=\"elementor-element elementor-element-0245658 e-flex e-con-boxed e-con e-child\" data-id=\"0245658\" data-element_type=\"container\">\n\t\t\t\t\t<div class=\"e-con-inner\">\n\t\t\t\t<div class=\"elementor-element elementor-element-23ce228 elementor-widget elementor-widget-spacer\" data-id=\"23ce228\" data-element_type=\"widget\" data-widget_type=\"spacer.default\">\n\t\t\t\t<div class=\"elementor-widget-container\">\n\t\t\t\t\t\t\t<div class=\"elementor-spacer\">\n\t\t\t<div class=\"elementor-spacer-inner\"><\/div>\n\t\t<\/div>\n\t\t\t\t\t\t<\/div>\n\t\t\t\t<\/div>\n\t\t\t\t\t<\/div>\n\t\t\t\t<\/div>\n\t\t\t\t<\/div>\n\t\t\t\t<\/div>\n\t\t","protected":false},"excerpt":{"rendered":"<p>Apie mus Verslo konsultavimo veikl\u0105 prad\u0117jome 2005 m. M\u016bs\u0173 paslaugos apima tokias sritis kaip \u012fmoni\u0173 steigimas, verslo pirkimas-pardavimas, buhalterin\u0117s apskaitos [&hellip;]<\/p>\n","protected":false},"author":2,"featured_media":2437,"parent":0,"menu_order":0,"comment_status":"closed","ping_status":"closed","template":"elementor_header_footer","meta":{"_acf_changed":false,"footnotes":""},"class_list":["post-9597","page","type-page","status-publish","has-post-thumbnail","hentry"],"acf":[],"_links":{"self":[{"href":"https:\/\/www.bizbon.com\/lt\/wp-json\/wp\/v2\/pages\/9597","targetHints":{"allow":["GET"]}}],"collection":[{"href":"https:\/\/www.bizbon.com\/lt\/wp-json\/wp\/v2\/pages"}],"about":[{"href":"https:\/\/www.bizbon.com\/lt\/wp-json\/wp\/v2\/types\/page"}],"author":[{"embeddable":true,"href":"https:\/\/www.bizbon.com\/lt\/wp-json\/wp\/v2\/users\/2"}],"replies":[{"embeddable":true,"href":"https:\/\/www.bizbon.com\/lt\/wp-json\/wp\/v2\/comments?post=9597"}],"version-history":[{"count":7,"href":"https:\/\/www.bizbon.com\/lt\/wp-json\/wp\/v2\/pages\/9597\/revisions"}],"predecessor-version":[{"id":9605,"href":"https:\/\/www.bizbon.com\/lt\/wp-json\/wp\/v2\/pages\/9597\/revisions\/9605"}],"wp:featuredmedia":[{"embeddable":true,"href":"https:\/\/www.bizbon.com\/lt\/wp-json\/wp\/v2\/media\/2437"}],"wp:attachment":[{"href":"https:\/\/www.bizbon.com\/lt\/wp-json\/wp\/v2\/media?parent=9597"}],"curies":[{"name":"wp","href":"https:\/\/api.w.org\/{rel}","templated":true}]}}