{"id":9568,"date":"2024-03-15T18:32:48","date_gmt":"2024-03-15T16:32:48","guid":{"rendered":"https:\/\/www.bizbon.com\/?page_id=9568"},"modified":"2024-03-15T18:32:48","modified_gmt":"2024-03-15T16:32:48","slug":"darbu-saugos-instrukciju-rengimas","status":"publish","type":"page","link":"https:\/\/www.bizbon.com\/lt\/darbu-saugos-instrukciju-rengimas\/","title":{"rendered":"Darb\u0173 saugos instrukcij\u0173 rengimas"},"content":{"rendered":"<h2><strong>Darb\u0173 saugos instrukcij\u0173 rengimas<\/strong><\/h2>\n<p>Darbuotoj\u0173 saugos ir sveikatos dokumentacija turi b\u016bti parengta ir patvirtinta prie\u0161 pradedant veikti bet kokiai \u012fmonei ar jos padaliniams, prie\u0161 pradedant eksploatuoti darbo vietas, darbo priemones, prie\u0161 diegiant naujus technologinius procesus ar pradedant darbus. Kiekvienas darbdavys turi u\u017etikrinti darbuotojui saugias, sveikatai nekenksmingas ir nepavojingas darbo s\u0105lygas. Viena i\u0161 \u0161ios LR Darbo kodekso nuostatos \u012fgyvendinimui skirt\u0173 priemoni\u0173 &#8211; tinkamos darbuotoj\u0173 saugos ir sveikatos dokumentacijos parengimas \u012fmon\u0117je. Be to, pagal LR Darbuotoj\u0173 saugos ir sveikatos \u012fstatymo nuostatas darbdavys negali reikalauti, kad darbuotojas prad\u0117t\u0173 darb\u0105 \u012fmon\u0117je, jeigu jis neinstruktuotas saugiai dirbti jam pavest\u0105 darb\u0105.<\/p>\n<h2>Darb\u0173 saugos instrukcijos<\/h2>\n<p>Taigi, prie\u0161 pradedant bet koki\u0105 veikl\u0105, \u012fmon\u0117s vadovas turi pasir\u016bpinti, kad visi jo \u012fmon\u0117je darbuotojai b\u016bt\u0173 instruktuoti. Darbuotoj\u0173 saugos ir sveikatos instrukcija &#8211; pagrindinis dokumentas, kuriame nurodomi rizikos ir pavojai, galintys kilti darbo vietoje, bei apsisaugojimo nuo j\u0173 b\u016bdai ir priemon\u0117s. Darbdavio \u012fsakymu, potvarkiu ar kitu dokumentu patvirtinti \u012fmon\u0117s darbuotoj\u0173 saugos ir sveikatos vietiniai (lokaliniai) norminiai teis\u0117s aktai, darbuotoj\u0173 saugos ir sveikatos norminiai teis\u0117s aktai darbuotojams yra privalomi.\u00a0Su jais darbuotojai supa\u017eindinami pasira\u0161ytinai. Darbuotoj\u0173 saugos ir sveikatos instrukcija\u00a0\u00a0\u2013 tai darbdavio ar darbdaviui atstovaujan\u010dio asmens parengtas ir jo nustatyta tvarka patvirtintas darbuotoj\u0173 saugos ir sveikatos vietinis (lokalinis) norminis teis\u0117s aktas, kuriuo \u012fvardijami, pateikiami darbo vietoje, darbo aplinkoje esami ir galimi rizikos darbuotoj\u0173 saugai ir sveikatai veiksniai, nurodomi saug\u016bs darbo metodai bei veiksmai, saugant savo ir kit\u0173 darbuotoj\u0173 sveikat\u0105 bei gyvyb\u0119.\u00a0Instrukcijos \u012fmon\u0117je rengiamos darbo vietoms, darbuotoj\u0173 profesijoms, darbams (gamybos procesams) atlikti. Instrukcija turi b\u016bti per\u017ei\u016br\u0117ta, pakeista, papildyta ir i\u0161 naujo patvirtinta (visa ar jos pakeitimas, papildymas) \u012fsigaliojus naujiems ar pakeistiems darbuotoj\u0173 saugos ir sveikatos teis\u0117s aktams, \u012f kuri\u0173 reikalavimus turi b\u016bti atsi\u017evelgiama instrukcijoje; \u012fvykus nelaimingam atsitikimui darbe ar avarijai ir j\u0173 tyrimo metu paai\u0161k\u0117jus, kad reikia pakeisti ar papildyti atitinkamas instrukcijas; kei\u010diant technologin\u012f proces\u0105, darbo s\u0105lygas, pradedant naudoti, naujas med\u017eiagas, \u017ealiavas ir kitais darbuotoj\u0173 saugai ir sveikatai u\u017etikrinti aktualiais atvejais. M\u016bs\u0173 kompanijos profesionalai greitai ir kokybi\u0161kai parengs\u00a0darbuotoj\u0173 saugos ir sveikatos tarnybos, komiteto, darbuotoj\u0173 atstovavimo dokumentus, instruktavimo, mokymo tvarkas ir kitus dokumentus. Galime sukomplektuoti\u00a0reikalingos dokumentacijos\u00a0ir reikaling\u0173 \u017eurnal\u0173 paket\u0105.\u00a0<strong>Teikiame \u0161ias darb\u0173 saugos paslaugas:<\/strong><\/p>\n<ul>\n<li>Konsultacijos darb\u0173 saugos klausimais;<\/li>\n<li>\u012emon\u0117s darb\u0173 saugos dokument\u0173 auditas;<\/li>\n<li>Darb\u0173 saugos, prie\u0161gaisrin\u0117s saugos dokumentacijos ruo\u0161imas, atnaujinimas;<\/li>\n<li>Patalp\u0173 evakuacini\u0173 plan\u0173 rengimas ar atnaujinimas;<\/li>\n<li>Neformali\u0173 mokym\u0173 \u012fmon\u0117s viduje organizavimas, savaranki\u0161ko mokymo dokumentacija;<\/li>\n<li>Darbdavi\u0173, atsaking\u0173 ar \u012fgaliot\u0173 asmen\u0173, vykdan\u010di\u0173 tarnybos funkcijas, saugos ir sveikatos tarnybos specialist\u0173 mokymai;<\/li>\n<li>Valstybin\u0117s darbo inspekcijos\u00a0 sura\u0161yt\u0173 reikalavim\u0173 tr\u016bkum\u0173 \u0161alinimas;<\/li>\n<li>\u012emon\u0117s paruo\u0161imas numatytam valstybin\u0117s darbo saugos patikrinimui<\/li>\n<li>Nelaiming\u0173 atsitikim\u0173 darbe, pakeliui \u012f ar i\u0161 darbo ir profesini\u0173 lig\u0173 tyrimai<\/li>\n<li>Kvalifikuoto saugos ir sveikatos specialisto paslaugos, kuris atliks darbo saugos specialisto funkcijas j\u016bs\u0173 \u012fmon\u0117je;<\/li>\n<li>Saugos ir sveikatos tarnybos funkcij\u0173 vykdymas;<\/li>\n<li>Atstovavimas saugos ir sveikatos srityse;<\/li>\n<li>Darbo viet\u0173\u00a0profesin\u0117s rizikos vertinimas;<\/li>\n<li>Privalom\u0173 \u012fmon\u0117ms darbuotoj\u0173 saugos ir sveikatos dokument\u0173 parengimas, toki\u0173 kaip:\n<ul>\n<li>Darbuotoj\u0173 saugos ir sveikatos instrukcijos;<\/li>\n<li>Instruktavimo tvarkos nustatymo modulis, vadovo vidiniai \u012fsakymai darbuotoj\u0173 saugos ir sveikatos srityje;<\/li>\n<li>Darbuotoj\u0173 privalomo sveikatos tikrinimo grafiko sudarymas, privalomo sveikatos tikrinimo kontingento atrinkimas.<\/li>\n<\/ul>\n<\/li>\n<\/ul>\n<p>Kliento pageidavimu gali paruo\u0161ti ir reikiamus \u012fmon\u0117s gaisrin\u0117s bei civilin\u0117s saugos dokumentus, \u012fforminti b\u016btinus \u012fsakymus, parengti reikiamas schemas bei prevencini\u0173 priemoni\u0173 planus.<\/p>\n","protected":false},"excerpt":{"rendered":"<p>Darb\u0173 saugos instrukcij\u0173 rengimas Darbuotoj\u0173 saugos ir sveikatos dokumentacija turi b\u016bti parengta ir patvirtinta prie\u0161 pradedant veikti bet kokiai \u012fmonei [&hellip;]<\/p>\n","protected":false},"author":2,"featured_media":9177,"parent":0,"menu_order":0,"comment_status":"closed","ping_status":"closed","template":"page-leftsidebar.php","meta":{"_acf_changed":false,"footnotes":""},"class_list":["post-9568","page","type-page","status-publish","has-post-thumbnail","hentry"],"acf":[],"_links":{"self":[{"href":"https:\/\/www.bizbon.com\/lt\/wp-json\/wp\/v2\/pages\/9568","targetHints":{"allow":["GET"]}}],"collection":[{"href":"https:\/\/www.bizbon.com\/lt\/wp-json\/wp\/v2\/pages"}],"about":[{"href":"https:\/\/www.bizbon.com\/lt\/wp-json\/wp\/v2\/types\/page"}],"author":[{"embeddable":true,"href":"https:\/\/www.bizbon.com\/lt\/wp-json\/wp\/v2\/users\/2"}],"replies":[{"embeddable":true,"href":"https:\/\/www.bizbon.com\/lt\/wp-json\/wp\/v2\/comments?post=9568"}],"version-history":[{"count":1,"href":"https:\/\/www.bizbon.com\/lt\/wp-json\/wp\/v2\/pages\/9568\/revisions"}],"predecessor-version":[{"id":9569,"href":"https:\/\/www.bizbon.com\/lt\/wp-json\/wp\/v2\/pages\/9568\/revisions\/9569"}],"wp:featuredmedia":[{"embeddable":true,"href":"https:\/\/www.bizbon.com\/lt\/wp-json\/wp\/v2\/media\/9177"}],"wp:attachment":[{"href":"https:\/\/www.bizbon.com\/lt\/wp-json\/wp\/v2\/media?parent=9568"}],"curies":[{"name":"wp","href":"https:\/\/api.w.org\/{rel}","templated":true}]}}