{"id":9566,"date":"2024-03-15T18:30:27","date_gmt":"2024-03-15T16:30:27","guid":{"rendered":"https:\/\/www.bizbon.com\/?page_id=9566"},"modified":"2024-03-15T18:31:10","modified_gmt":"2024-03-15T16:31:10","slug":"uab-imones-steigimas-vilniuje","status":"publish","type":"page","link":"https:\/\/www.bizbon.com\/lt\/uab-imones-steigimas-vilniuje\/","title":{"rendered":"\u012emon\u0117s steigimas Vilniuje"},"content":{"rendered":"<h2><strong>Naujos \u012fmon\u0117s steigimas<\/strong><\/h2>\n<p>Teikiame \u012fmoni\u0173 registravimo paslaugas nuo 2005 met\u0173. Padedame \u012fregistruoti \u012fmon\u0117s pavadinim\u0105, atidaryti UAB kaupiam\u0105j\u0105 banko s\u0105skait\u0105, suformuoti \u012fstatin\u012f kapital\u0105.\u00a0\u012emon\u0117s registravimo procesas Lietuvoje trunka apie 2 savaites. Suteikiame \u012fmon\u0117s registracijos adres\u0105. Taip pat teikiame\u00a0<a href=\"https:\/\/www.bizbon.com\/lt\/buhalterine-apskaita\/\">buhalterin\u0117s apskaitos paslaugas<\/a>, padedame \u012fregistruoti \u012fmon\u0119 \u012f PVM. \u00a0 \u0160iandien u\u017edaroji akcin\u0117 bendrov\u0117 yra populiariausia juridinio asmens forma. Tai yra ribotos atsakomyb\u0117s juridinis asmuo, taigi bendrov\u0117 yra atsako kreditoriams tik savo turtu. Bendrov\u0117s registracijos procesas neu\u017eima daug laiko ir nereikalauja didelio \u012fstatinio kapitalo. Bendrov\u0119 gana paprasta valdyti, ji lanksti priimant svarbius sprendimus. Individuali \u012fmon\u0117 gali b\u016bti svarstoma kaip alternatyva smulkiam verslui vykdyti, bet neribota civilin\u0117 atsakomyb\u0117 yra rimtas \u0161ios formos tr\u016bkumas. D\u0117l tos pa\u010dios prie\u017easties (d\u0117l neribotos civilin\u0117s atsakomyb\u0117s taikomos kai kuriems nariams) tikroji ir komanditin\u0117 \u016bkin\u0117s bendrijos neatrodo labai patrauklios verslui prad\u0117ti. Akcin\u0117 bendrov\u0117, nors ir turi ribot\u0105 atsakomyb\u0119, bet da\u017eniausiai naudojama stambesniam verslui, nes reikalauja dideli\u0173 l\u0117\u0161\u0173 formuojant \u012fstatin\u012f kapital\u0105 ir sud\u0117tingesn\u0117s valdymo strukt\u016bros. Ma\u017eoji bendrija yra ribotos atsakomyb\u0117s juridinis asmuo. Nors tokios bendrov\u0117s suk\u016brimas nereikalauja \u012fstatinio kapitalo, bendrov\u0117s steig\u0117jais gali b\u016bti tik fiziniai asmenys, o buhalterin\u0117 apskaita yra paprastesn\u0117 nei u\u017edarosios akcin\u0117s bendrov\u0117s tik kai kuriais atvejais.<\/p>\n<h3>U\u017edaroji akcin\u0117 bendrov\u0117<\/h3>\n<p>D\u0117l vis\u0173 auk\u0161\u010diau aptart\u0173 prie\u017eas\u010di\u0173 verslininkai da\u017enai registruoja u\u017edar\u0105j\u0105 akcin\u0119 bendrov\u0119. Vienas i\u0161 svarbiausi\u0173 \u017eingsni\u0173 bendrov\u0117s registracijos procese yra veiklos sri\u010di\u0173 pasirinkimas. Bendrov\u0117s tam tikrai veiklai vykdyti gali prireikti licencijos. Tod\u0117l \u0161is klausimas tur\u0117t\u0173 b\u016bti apsvarstytas i\u0161 anksto. J\u016bs taip pat turite nuspr\u0119sti, kas bus bendrov\u0117s steig\u0117jai. Norint atidaryti u\u017edar\u0105j\u0105 akcin\u0119 bendrov\u0119 u\u017etenka vieno fizinio ar juridinio asmens, bet ne daugiau kaip 250 akcinink\u0173. Minimalus bendrov\u0117s \u012fstatinis kapitalas yra 2 500 eur\u0173. \u0160ia suma galima disponuoti i\u0161kart po bendrov\u0117s dokument\u0173 registracijos \u2013 pirkti kompiuterius, prekes, mok\u0117ti u\u017e biuro nuom\u0105 ir pan.<\/p>\n<h3>Atstovyb\u0117 ir filialas<\/h3>\n<p>Atstovyb\u0117s registracija suteikia verslininkui labai ribotas veiklos galimybes, nes atstovyb\u0117 negali u\u017esiimti komercine veikla, o atlieka kitokias funkcijas. Ta\u010diau tam tikrais atvejais atstovyb\u0117s registravimas yra pateisinamas d\u0117l mokestini\u0173 prie\u017eas\u010di\u0173. Skirtingai nei atstovyb\u0117s, filialas gali u\u017esiimti komercine veikla, bet tai n\u0117ra atskiras juridinis asmuo. Be to, prie\u0161 registruojant filial\u0105, b\u016btina atid\u017eiai i\u0161nagrin\u0117ti mokestinus niuansus. Kai verslininkas nusprend\u0117 d\u0117l \u012fmon\u0117s teisin\u0117s formos ir veiklos srities, b\u016btina rezervuoti \u012fmon\u0117s pavadinim\u0105 Juridini\u0173 asmen\u0173 registre ir parengti \u0161iuos dokumentus:<\/p>\n<ol>\n<li>\n<ol>\n<li>Jei steig\u0117jas yra juridinis asmuo, b\u016btinas valdybos ar visuotinio akcinink\u0173 susirinkimo sprendimas \u012fsteigti nauj\u0105 \u012fmon\u0119;<\/li>\n<li>Tinkamai patvirtintas \u012fgaliojimas d\u0117l teis\u0117s pasira\u0161yti steigimo akt\u0105 (sutart\u012f), \u012fstat\u0173 ir registracijos formas, jei steig\u0117jas n\u0117ra pasireng\u0119s to atlikti pats;<\/li>\n<li>\u012emon\u0117s pavadinimo variantai. \u012emon\u0117s pavadinimas tur\u0117t\u0173 b\u016bti para\u0161ytas lotyni\u0161komis raid\u0117mis ir\u00a0atitikti teisinius ir lietuvi\u0173 kalbos reikalavimus. Patartina paruo\u0161ti kelet\u0105 variant\u0173 ir pasikonsultuoti d\u0117l pavadinimo tinkamumo su Valstybine lietuvi\u0173 kalbos komisija. Pasirinktas pavadinimas tur\u0117t\u0173 b\u016bti u\u017erezervuotas Juridini\u0173 asmen\u0173 registre;<\/li>\n<li>\u012estatai. Reikalavimai \u012fstatams yra nustatyti Lietuvos Respublikos akcini\u0173 bendrovi\u0173 \u012fstatyme.<\/li>\n<li>Sprendimas d\u0117l registracijos adreso Lietuvoje. Bendrov\u0117 privalo pasirinkti registracijos adres\u0105, ta\u010diau neprivalo b\u016bti, arba veikti b\u016btent tuo adresu. Bendrov\u0117 gali naudoti ir kit\u0105 adres\u0105 savo verslui, ta\u010diau b\u016btina apie tai prane\u0161ti specialia forma;<\/li>\n<li>B\u016bsimo direktoriaus vardas, pavard\u0117, asmens kodas (jeigu yra), paso numeris, adresas ir jo paso kopija;<\/li>\n<li>Akcininko pavadinimas, adresas ir registracijos numeris. Jei tai fiziniai asmenys, reikia nurodyti vard\u0105, asmens kod\u0105 (jeigu yra), paso numer\u012f, adres\u0105;<\/li>\n<li>Steigimo aktas (sutartis), kaip numatyta LR akcini\u0173 bendrovi\u0173 \u012fstatyme;<\/li>\n<li>B\u016btina atidaryti kaupiam\u0105j\u0105 s\u0105skait\u0105 banke \u012fstatiniam kapitalui suformuoti.<\/li>\n<li>Pateikti u\u017epildytas JAR forma Juridini\u0173 Asmen\u0173 Registrui.<\/li>\n<\/ol>\n<\/li>\n<\/ol>\n<p>Steig\u0117jas gali pats pasir\u016bpinti visais dokumentais. Ta\u010diau be tinkamos patirties procesas gali u\u017etrukti. Tod\u0117l, jei nuspr\u0119site atidaryti \u012fmon\u0119 Lietuvoje, patartina kreiptis \u012f patyrusius specialistus, kurie pad\u0117s i\u0161vengti galim\u0173 problem\u0173 ir visa proced\u016bra bus \u012fvykdyta per 1-2 savaites. Jums tereikia pasira\u0161yti parengtus dokumentus ir pateikti reikiam\u0105 informacij\u0105 pildant \u012fvairias formas Juridini\u0173 asmen\u0173 registre. Po \u012fmon\u0117s registracijos galite prad\u0117ti dirbti ir disponuoti l\u0117\u0161omis bendrov\u0117s s\u0105skaitoje ir sudaryti sandorius. Tuomet reik\u0117t\u0173 pagalvoti apie \u012fmon\u0117s registravim\u0105 PVM mok\u0117toju, darbuotoj\u0173 paie\u0161k\u0105, darbo sutartis ir kitus vidaus dokumentus. Ta\u010diau, galite pavesti atlikti visas \u0161ias u\u017eduotis specialistams, kurie suteiks jums visokeriop\u0105 pagalb\u0105 po bendrov\u0117s atidarymo.<\/p>\n","protected":false},"excerpt":{"rendered":"<p>Naujos \u012fmon\u0117s steigimas Teikiame \u012fmoni\u0173 registravimo paslaugas nuo 2005 met\u0173. Padedame \u012fregistruoti \u012fmon\u0117s pavadinim\u0105, atidaryti UAB kaupiam\u0105j\u0105 banko s\u0105skait\u0105, suformuoti [&hellip;]<\/p>\n","protected":false},"author":2,"featured_media":9177,"parent":0,"menu_order":0,"comment_status":"closed","ping_status":"closed","template":"page-leftsidebar.php","meta":{"_acf_changed":false,"footnotes":""},"class_list":["post-9566","page","type-page","status-publish","has-post-thumbnail","hentry"],"acf":[],"_links":{"self":[{"href":"https:\/\/www.bizbon.com\/lt\/wp-json\/wp\/v2\/pages\/9566","targetHints":{"allow":["GET"]}}],"collection":[{"href":"https:\/\/www.bizbon.com\/lt\/wp-json\/wp\/v2\/pages"}],"about":[{"href":"https:\/\/www.bizbon.com\/lt\/wp-json\/wp\/v2\/types\/page"}],"author":[{"embeddable":true,"href":"https:\/\/www.bizbon.com\/lt\/wp-json\/wp\/v2\/users\/2"}],"replies":[{"embeddable":true,"href":"https:\/\/www.bizbon.com\/lt\/wp-json\/wp\/v2\/comments?post=9566"}],"version-history":[{"count":1,"href":"https:\/\/www.bizbon.com\/lt\/wp-json\/wp\/v2\/pages\/9566\/revisions"}],"predecessor-version":[{"id":9567,"href":"https:\/\/www.bizbon.com\/lt\/wp-json\/wp\/v2\/pages\/9566\/revisions\/9567"}],"wp:featuredmedia":[{"embeddable":true,"href":"https:\/\/www.bizbon.com\/lt\/wp-json\/wp\/v2\/media\/9177"}],"wp:attachment":[{"href":"https:\/\/www.bizbon.com\/lt\/wp-json\/wp\/v2\/media?parent=9566"}],"curies":[{"name":"wp","href":"https:\/\/api.w.org\/{rel}","templated":true}]}}