{"id":9564,"date":"2024-03-15T18:28:59","date_gmt":"2024-03-15T16:28:59","guid":{"rendered":"https:\/\/www.bizbon.com\/?page_id=9564"},"modified":"2024-07-16T15:52:34","modified_gmt":"2024-07-16T12:52:34","slug":"leidimai-uzsienieciams-gyventi-lietuvos-respublikoje","status":"publish","type":"page","link":"https:\/\/www.bizbon.com\/lt\/leidimai-uzsienieciams-gyventi-lietuvos-respublikoje\/","title":{"rendered":"Leidimai u\u017esienie\u010diams gyventi Lietuvos Respublikoje"},"content":{"rendered":"<h2><strong>Leidimai gyventi ir dirbti Lietuvoje<\/strong><\/h2>\n<p>U\u017esienietis, kuris ketina dirbti Lietuvoje, privalo \u012fsigyti leidim\u0105 dirbti, kur\u012f i\u0161duoda Lietuvos darbo bir\u017ea. Leidimas dirbti u\u017esienie\u010diui gali b\u016bti i\u0161duodamas, jeigu Lietuvoje n\u0117ra specialisto, atitinkan\u010dio darbdavio keliamus kvalifikacinius reikalavimus, tod\u0117l darbdavys, nor\u0117damas \u012fdarbinti u\u017esieniet\u012f privalo \u012fregistruoti laisv\u0105 darbo viet\u0105 teritorin\u0117je darbo bir\u017eoje. Darbo bir\u017ea \u012fvertinusi tiek darbo rinkos poreikius, tiek tarptautinius \u012fsipareigojimus, priima atitinkamus sprendimus d\u0117l u\u017esienie\u010di\u0173 \u012fdarbinimo Lietuvoje ir i\u0161duoda leidimus dirbti. Pabr\u0117\u017etina jog tre\u010di\u0173j\u0173 \u0161ali\u0173 pilie\u010di\u0173 \u012fdarbinimas yra sud\u0117tingesnis ir ilgesnis procesas, lyginant su Europos S\u0105jungos \u0161ali\u0173 pilie\u010diais, kuriems gauti leidimo dirbti Lietuvoje nereikia. Tre\u010di\u0173j\u0173 \u0161ali\u0173 pilie\u010di\u0173 \u012fdarbinimas gali trukti nuo dviej\u0173 s\u0105va\u010di\u0173 (jeigu \u012fdarbinamas auk\u0161tos kvalifikacijos specialistas) iki dviej\u0173 m\u0117nesi\u0173 (jei u\u017esienie\u010dio profesija neturi numatyt\u0173 prioritet\u0173 pagreitinam leidimui dirbti i\u0161davimui). M\u016bs\u0173 ekspertai pad\u0117s parengti visus reikalingus dokumentus darbo bir\u017eai, LR ambasadoms u\u017esienyje, Migracijos departmentui, reikalingus gauti leidim\u0105 dirbti ir gyventi Lietuvos Respublikoje. Atstovaujame tiek darbdav\u012f, tiek \u012fsidarbinti norint\u012f asmen\u012f nuo dokument\u0173 paruo\u0161imo, konsultacij\u0173 iki leidimo dirbti ir gyventi Lietuvoje i\u0161davimo. Greitai ir skland\u017eiai darbinsime Lietuvoje u\u017esienie\u010dius, atvykusius i\u0161 ne ES \u0161ali\u0173 (Rusijos, Baltarusijos, Ukrainos, JAV, Indijos, Nigerijos, Pakistano ir t.t.). Mes pad\u0117sime Jums gauti leidim\u0105 dirbti Lietuvoje bei pagal poreik\u012f suteiksime sekan\u010dias paslaugas:<\/p>\n<ul>\n<li>Konsultacijos d\u0117l leidimo dirbti i\u0161davimo tvarkos proced\u016bros;<\/li>\n<li>Vis\u0173 reikaling\u0173 dokument\u0173 atitinkamoms institucijoms rengimas;<\/li>\n<li>Darbdavio ir darbuotojo atstovavimas kompetentingose institucijose (Lietuvos darbo bir\u017eoje, Migracijos departamente, ambasadose ir kt.);<\/li>\n<li>Darbo sutart\u010di\u0173 su u\u017esienio \u0161ali\u0173 pilie\u010diais pagal visus reikalavimus ir numatytus standartus rengimas (konfidencialumo sutar\u010di\u0173, speciali\u0173j\u0173 s\u0105lyg\u0173 rengimas);<\/li>\n<li>Konsultacijos darbo sutar\u010di\u0173 nutraukimo, pakeitimo, darbo gin\u010d\u0173 sprendimo klausimais.<\/li>\n<\/ul>\n<p>Preliminariai kad prad\u0117ti u\u017esienie\u010dio \u012fdarbinimo proced\u016br\u0105 mums bus reikalingi \u017eemiau i\u0161vardinti dokumentai, pagal kiekvien\u0105 konkre\u010di\u0105 situacij\u0105 dokument\u0173 s\u0105ra\u0161as gali ne\u017eymiai keistis.<\/p>\n<ul>\n<li>Lietuvos darbdavio\u00a0\u012fmon\u0117s registracijos dokumentai;<\/li>\n<li>B\u016bsimo darbuotojo paso kopija;<\/li>\n<li>B\u016bsimo darbuotojo dokumentas apie turim\u0105 i\u0161silavinim\u0105;<\/li>\n<li>Pa\u017eyma apie b\u016bsimo darbuotojo turim\u0105 patirt\u012f;<\/li>\n<li>Darbuotojo pasira\u0161ytas aktas, kuriame nurodyti darbo reikalavimai.<\/li>\n<\/ul>\n<p>Leidimo dirbti Lietuvoje gavimo proced\u016bra:<\/p>\n<ol>\n<li>Kai darbdavys gauna patvirtinim\u0105 i\u0161 Lietuvos darbo bir\u017eos, jis siun\u010dia \u0161iuos dokmentus u\u017esienio darbuotojui. \u0160i\u0173 dokument\u0173 parengimo terminas \u2013 iki 2 m\u0117nesi\u0173;<\/li>\n<li>U\u017esienio darbuotojas, gav\u0119s dokumentus, kreipiasi \u012f artimiausi\u0105 Lietuvos ambasad\u0105, kad gaut\u0173 D-tipo viz\u0105, kuri i\u0161duodama per 7 dienas;<\/li>\n<li>Kai u\u017esienietis gauna Lietuvos viz\u0105, jis atvyksta \u012f Lietuv\u0105 ir turi atlikti kai kuriuos smulkius formalumus kad gal\u0117t\u0173 ne tik teis\u0117tai dirbti bet ir teis\u0117tai gyventi LR teritorijoje, o po to jau gali prad\u0117ti dirbti.<\/li>\n<\/ol>\n<p>Leidimo dirbti Lietuvoje gavimo proced\u016bra u\u017eima apie 2 m\u0117nesius. Po to, darbdavys turi kas m\u0117nes\u012f mok\u0117ti u\u017e darbuotoj\u0105 socialianio draudimo ir gyventoj pajam\u0173 mokes\u010dius, nuo darbo u\u017emokes\u010dio numatyto darbo sutartyje.<\/p>\n<h2><strong>M\u0117lynoji kortel\u0117 \u2013 galimyb\u0117 \u012fdarbinti auk\u0161tos kvalifikacijos darbuotoj\u0105 i\u0161 u\u017esienio<\/strong><\/h2>\n<p>D-tipo vizos gavimas n\u0117ra vienintelis b\u016bdas \u012fdarbinti u\u017esieniet\u012f Lietuvoje. Darbdavys, ketinantis \u012fdarbinti u\u017esieniet\u012f, kuris atvyksta i\u0161 ne Europos S\u0105jungos valstybi\u0173 nari\u0173, gali kreiptis d\u0117l Europos S\u0105jungos M\u0117lynosios kortel\u0117s suteikimo. B\u016btent ES M\u0117lynoji kortel\u0117 suteikia teis\u0119 ir dirbti, ir apsigyventi bet kurioje ES valstyb\u0117je nar\u0117je (i\u0161skyrus Jungtin\u0119 Karalyst\u0119, Airij\u0105 ir Danij\u0105). Melynoji kortel\u0117 vertintina kaip viena patogiausi\u0173 priemoni\u0173: ji gaunama ma\u017eiausiai 3 met\u0173 terminui. Vis d\u0117lto, Lietuvoje ja darbdaviai naudojasi vis dar vangiai. Taigi, asmuo, pretenduojantis \u012f ES M\u0117lynosios kortel\u0117s gavim\u0105, turi b\u016bti ne ES pilietis, auk\u0161tos kvalifikacijos specialistas (tur\u0117ti auk\u0161t\u0105j\u012f, universitetin\u012f i\u0161silavinim\u0105 pagrind\u017eiant\u012f dokument\u0105),bei darbo sutart\u012f arba galiojant\u012f darbo pasi\u016blym\u0105 ES valstyb\u0117je. Taigi, darbdaviams, siekiantiems \u012fsive\u017eti nekvalifikuot\u0105 pigi\u0105 darbo j\u0117g\u0105, ES M\u0117lynoji kortel\u0117 n\u0117ra tinkamiausias sprendimas. \u0160i alternatyva tinka auk\u0161tos kvalifikacijos u\u017esienie\u010diams, kurie gali prad\u0117ti dirbti Lietuvoje i\u0161 karto po to, kai pateikia parai\u0161k\u0105 d\u0117l ES M\u0117lynosios kortel\u0117s i\u0161davimo. ES M\u0117lynosios kortel\u0117s privilegija gali pasinaudoti ir auk\u0161tos kvalifikacijos specialist\u0173 \u0161eimos nariai. Tai sutuoktinis, partneris, su kuriuo oficialiai yra \u012fregistruota partneryst\u0117, nepilname\u010diai vaikai, taip pat seneliai, t\u0117vai, vaikai, vaikai\u010diai, kuriems ne trumpiau nei metus buvo teikiamas i\u0161laikymas ir kurie negal\u0117jo gauti i\u0161laikymo gyvendami savoje \u0161alyje. Kortel\u0117s tur\u0117tojams garantuojamos vienodos kaip ir ES pilie\u010diams teis\u0117s \u012f darbo s\u0105lygas, taip pat suteikiama galimyb\u0117 jud\u0117ti \u0160engeno erdv\u0117je, suteikiamos socialin\u0117s apsaugos ir ekonomin\u0117s teis\u0117s ir svarbiausia \u2013 nuolatinio leidimo gyventi ES perspektyva. Pagrindinis imigracijos teis\u0117s aktas, reglamentuojantis u\u017esienie\u010diams leidimus gyventi, j\u0173 r\u016b\u0161is ir i\u0161davimo tvark\u0105 yra Lietuvos Respublikos \u012fstatymas \u201e<a href=\"https:\/\/www.e-tar.lt\/portal\/lt\/legalActEditions\/TAR.42837E5A79DD?faces-redirect=true\" target=\"_blank\" rel=\"noopener nofollow\">D\u0117l u\u017esienie\u010di\u0173 teisin\u0117s pad\u0117ties<\/a>\u201d. Leidimas gyventi Lietuvos Respublikoje suteikia teis\u0119 u\u017esienie\u010diui gyventi Lietuvoje, pasirinkti gyvenam\u0105j\u0105 viet\u0105, j\u0105 keisti, i\u0161vykti i\u0161 Lietuvos ir gr\u012f\u017eti \u012f j\u0105 leidimo gyventi galiojimo laikotarpiu. U\u017esienie\u010diams i\u0161duodami tokie leidimai gyventi:<\/p>\n<ul>\n<li>leidimas laikinai gyventi Lietuvos Respublikoje;<\/li>\n<li>leidimas nuolat gyventi Lietuvos Respublikoje.<\/li>\n<\/ul>\n<h2>Leidimas\u00a0laikinai\u00a0gyventi Lietuvoje<\/h2>\n<p>Tai dokumentas, suteikiantis u\u017esienie\u010diui teis\u0119 laikinai gyventi Lietuvoje jame nurodyt\u0105 laik\u0105. Papratai pa\u017eym\u0117jimas i\u0161duodamas 2 metams.\u00a0U\u017esienietis, kuris pirm\u0105 kart\u0105 kreipiasi d\u0117l leidimo gyventi i\u0161davimo, turi pateikti pra\u0161ym\u0105 Lietuvos ambasadoje arba, jei jis randasi Lietuvoje, \u2013 Migracijos Departamentiu \/ Valdybai. Apie savo gyvenamosios vietos arba darboviet\u0117s pasikeitim\u0105 u\u017esienietis privalo prane\u0161ti teritorin\u0117s policijos \u012fstaigos migracijos padaliniui. Taip pat svarbu pamin\u0117ti, kad i\u0161vykdamas i\u0161 Lietuvos ilgesniam negu 6 m\u0117n. laikotarpiui, privalo deklaruoti i\u0161vykim\u0105. Leidimas laikinai gyventi\u00a0i\u0161duodamas u\u017esienie\u010diui, kuris\u00a0n\u0117ra Europos S\u0105jungos valstyb\u0117s nar\u0117s pilietis. Yprastai i\u0161duodamas\u00a0<strong>2 metams<\/strong>, ta\u010diau gali b\u016bti i\u0161duotas ir trumpesniam laikui. Lietuvi\u0173 kilm\u0117s asmenims ir u\u017esienie\u010diams, i\u0161saugojusiems teis\u0119 \u012f Lietuvos Respublikos pilietyb\u0119, leidimas laikinai gyventi i\u0161duodamas penkeriems metams. ES valstyb\u0117s nar\u0117s pilie\u010diams ir j\u0173 \u0161eimos nariams, atvykusiems gyventi \u012f Lietuvos Respublik\u0105 ilgiau negu 3 m\u0117nesius per pus\u0119 met\u0173 ir atitinkantiems bent vien\u0105 i\u0161 \u012fstatymo \u201eD\u0117l u\u017esienie\u010di\u0173 teisin\u0117s pad\u0117ties\u201c\u00a0101 straipsnio 1 dalyje\u00a0numatyt\u0173 pagrind\u0173, j\u0173 teisei gyventi Lietuvos Respublikoje patvirtinti i\u0161duodama vidaus reikal\u0173 ministro nustatytos formos\u00a0pa\u017eyma.\u00a0Pa\u017eyma galioja\u00a05 metus nuo sprendimo i\u0161duoti pa\u017eym\u0105 pri\u0117mimo\u00a0arba\u00a0numatom\u0105 ES pilie\u010dio gyvenimo Lietuvos Respublikoje laikotarp\u012f, jei \u0161is laikotarpis yra trumpesnis negu 5 metai. Leidimai laikinai gyventi\u00a0Airijoje, Bulgarijoje, Jungtin\u0117je Karalyst\u0117je, Kipre ir Rumunijoje,\u00a0i\u0161duoti \u0161i\u0173 valstybi\u0173 atitinkam\u0173 institucij\u0173, nesuteikia teis\u0117s be vizos atvykti \u012f Lietuv\u0105, nes min\u0117tos \u0161alys netaiko \u0160engeno teisyno nuostat\u0173. Bet \u0161i\u0173 \u0161ali\u0173 pilie\u010diams\u00a0 yra supaprastinti reikalavimai vizai gauti.<\/p>\n<h2>Leidimas\u00a0nuolat\u00a0gyventi Lietuvoje<\/h2>\n<p>Leidimas nuolat gyventi i\u0161duodamas\u00a0<strong>5 metams<\/strong>, o pra\u0117jus \u0161iam terminui \u2013\u00a0kei\u010diamas.\u00a0Pagal \u012fstatymo ,,D\u0117l u\u017esienie\u010di\u0173 teisin\u0117s pad\u0117ties\u201c 53 straipsnio 2 dal\u012f, leidimas nuolat gyventi u\u017esienie\u010dio nustatytos formos\u00a0pra\u0161ymu gali b\u016bti pakeistas, jeigu: 1) u\u017esienietis pakei\u010dia asmens duomenis; 2) leidimas nuolat gyventi tapo netinkamas naudoti; 3) pasibaigia leidimo nuolat gyventi galiojimas; 4) leidime nuolat gyventi yra netiksli\u0173 \u012fra\u0161\u0173; 5) leidimas nuolat gyventi yra prarastas. Asmuo, turintis leidim\u0105 gyventi Lietuvoje, turi teis\u0119 laisvai, be viz\u0173, keliauti po vis\u0105 \u0160engeno erdv\u0119, kuriai priklauso 25 valstyb\u0117s: Austrija, Belgija, \u010cekija, Danija, Estija, Graikija, Islandija, Ispanija, Italija, Latvija, Lenkija, Lietuva, Liuksemburgas, Malta, Nyderlandai, Norvegija, Portugalija, Pranc\u016bzija, Slovakija,\u00a0 Slov\u0117nija, Suomija, \u0160vedija, \u0160veicarija, Vengrija ir Vokietija. M\u016bs\u0173 profesional\u0173 komanda pad\u0117s jums parengti reikiamus dokumentus, i\u0161versti juos \u012f lietuvi\u0173 kalb\u0105, atstovaus valstybin\u0117se institucijose, suteiks teisin\u0119 pagalb\u0105 gaunant leidim\u0105 gyventi Lietuvoje.<\/p>\n","protected":false},"excerpt":{"rendered":"<p>Leidimai gyventi ir dirbti Lietuvoje U\u017esienietis, kuris ketina dirbti Lietuvoje, privalo \u012fsigyti leidim\u0105 dirbti, kur\u012f i\u0161duoda Lietuvos darbo bir\u017ea. Leidimas [&hellip;]<\/p>\n","protected":false},"author":2,"featured_media":9177,"parent":0,"menu_order":0,"comment_status":"closed","ping_status":"closed","template":"page-leftsidebar.php","meta":{"_acf_changed":false,"footnotes":""},"class_list":["post-9564","page","type-page","status-publish","has-post-thumbnail","hentry"],"acf":[],"_links":{"self":[{"href":"https:\/\/www.bizbon.com\/lt\/wp-json\/wp\/v2\/pages\/9564","targetHints":{"allow":["GET"]}}],"collection":[{"href":"https:\/\/www.bizbon.com\/lt\/wp-json\/wp\/v2\/pages"}],"about":[{"href":"https:\/\/www.bizbon.com\/lt\/wp-json\/wp\/v2\/types\/page"}],"author":[{"embeddable":true,"href":"https:\/\/www.bizbon.com\/lt\/wp-json\/wp\/v2\/users\/2"}],"replies":[{"embeddable":true,"href":"https:\/\/www.bizbon.com\/lt\/wp-json\/wp\/v2\/comments?post=9564"}],"version-history":[{"count":3,"href":"https:\/\/www.bizbon.com\/lt\/wp-json\/wp\/v2\/pages\/9564\/revisions"}],"predecessor-version":[{"id":11674,"href":"https:\/\/www.bizbon.com\/lt\/wp-json\/wp\/v2\/pages\/9564\/revisions\/11674"}],"wp:featuredmedia":[{"embeddable":true,"href":"https:\/\/www.bizbon.com\/lt\/wp-json\/wp\/v2\/media\/9177"}],"wp:attachment":[{"href":"https:\/\/www.bizbon.com\/lt\/wp-json\/wp\/v2\/media?parent=9564"}],"curies":[{"name":"wp","href":"https:\/\/api.w.org\/{rel}","templated":true}]}}