{"id":9560,"date":"2024-03-15T18:25:39","date_gmt":"2024-03-15T16:25:39","guid":{"rendered":"https:\/\/www.bizbon.com\/?page_id=9560"},"modified":"2024-07-20T17:24:30","modified_gmt":"2024-07-20T14:24:30","slug":"teisines-juridines-paslaugos","status":"publish","type":"page","link":"https:\/\/www.bizbon.com\/lt\/teisines-juridines-paslaugos\/","title":{"rendered":"Teisines juridin\u0117s paslaugos"},"content":{"rendered":"<h2><strong>Teisin\u0117s paslaugos verslui<\/strong><\/h2>\n<p>Teikiame teisines ir mokes\u010di\u0173 konsultavimo paslaugas Lietuvoje bei esame pasireng\u0119 jums pad\u0117ti. Kadangi dirbame keliose siaurose, specifin\u0117se srityse, galime pasi\u016blyti greitus ir efektyvius, praktikoje patikrintus sprendimus. Galime suteikti profesionalias konsultacijas ne tik Lietuvos, bet ir u\u017esienio fiziniams ir juridiniams asmenims. BizBon &#8211; verslo konsultantas: teisin\u0117s paslaugos visoje Lietuvoje.<\/p>\n<ul>\n<li>\u012emoni\u0173 ar verslo pirkimas, pardavimas, sujungimas;<\/li>\n<li>Bendrov\u0117s audito ir buhalterin\u0117s apskaitos paslaugos;<\/li>\n<li>Konsultavimas mokes\u010di\u0173 srityje;<\/li>\n<li>Dokumentacijos rengimas \u012fvairioms institucijoms siekiant gauti kvalifikacinius pa\u017eym\u0117jimus, licencijas, leidimus;<\/li>\n<li>Skund\u0173, ie\u0161kini\u0173, pra\u0161ym\u0173, parei\u0161kim\u0173 ir kit\u0173 dokument\u0173 rengimas;<\/li>\n<li>\u012emon\u0117s vidaus dokument\u0173 rengimas: vidaus darbo taisykl\u0117s, pareigin\u0117s instrukcijos, \u017eurnalai, \u012fsakym\u0173 projektai, darbo sutartys, kolektyvin\u0117s sutartys, \u012fstatinio kapitalo keitimo dokumentai, materialin\u0117s atsakomyb\u0117s sutartys ir t.t;<\/li>\n<li>\u012emon\u0117s steigiam\u0173j\u0173 dokument\u0173, akcinink\u0173 ar valdybos susirinkimo protokol\u0173 rengimas;<\/li>\n<li>Paskol\u0173, pirkimo \/ pardavimo, nuomos, atstovavimo, rangos, autori\u0173 teisi\u0173, darbo ir kit\u0173 sutar\u010di\u0173 rengimas ir analiz\u0117, teisini\u0173 i\u0161vad\u0173 teikimas;<\/li>\n<li>U\u017esienie\u010di\u0173 \u012fdarbinimo paslaugos.\u00a0<a href=\"https:\/\/www.bizbon.com\/lt\/leidimai-uzsienieciams-gyventi-lietuvos-respublikoje\/\">Leidimas gyventi Lietuvoje<\/a>.<\/li>\n<\/ul>\n<p>Kliento pageidavimu galime pad\u0117ti \u012fsteigti atstovybes, filialus ar dukterines \u012fmones. Be to, galime patarti bei pad\u0117ti rengti \u012fvairias sutartis. Dirbdami su klientais visuomet siekiame abipusiai naudingo bendradarbiavimo. Priklausomai nuo kliento poreiki\u0173 ir situacijos taip pat galime pasi\u016blyti\u00a0<a href=\"https:\/\/www.bizbon.com\/lt\/buhalterine-apskaita\/\">buhalterin\u0117s apskaitos<\/a>\u00a0sprendimus, parengti mokes\u010di\u0173 susigr\u0105\u017einimo dokumentus bei pasi\u016blyti kitas teisines ir mokes\u010di\u0173 konsultavimo paslaugas. Be to, supa\u017eindiname klientus su mokes\u010dio planavimo ir optimizavimo galimyb\u0117mis. \u00a0 \u012emoni\u0173 vidiniai dokumentai reglamentuoja \u012fmon\u0117s kasdien\u0119 veikl\u0105. Pagal savo klient\u0173 poreikius teikiame i\u0161sami\u0105 konsultacij\u0105 juridini\u0173 asmen\u0173 steigimo dokument\u0173 (\u012fstat\u0173, nuostat\u0173 ir kt.) bei duomen\u0173 keitimo klausimais visos proced\u016bros metu. Klient\u0173 pageidavimu sura\u0161ome akcinink\u0173 ir valdybos susirinkim\u0173 protokolus, metinius prane\u0161imus, parengiame teis\u0117s akt\u0173 nustatytus reikalavimus atitinkan\u010di\u0105 nauj\u0105 steigimo dokumento redakcij\u0105 bei kitus teisinius dokumentus, u\u017etikriname tinkam\u0105 informacijos\u00a0apie\u00a0kei\u010diamus juridinio asmens duomenis paskelbim\u0105. Be to, pildome Juridini\u0173 asmen\u0173 registrui teikiamas formas, atstovaujame notar\u0173 biure, Juridini\u0173 asmen\u0173 registre, kitose institucijose ir organizacijose. Taip pat rengiame \u012fmoni\u0173 vidaus tvarkos taisykles, \u012fsakym\u0173 projektus, pareigines instrukcijas, kitokius proced\u016brinius dokumentus, kurie padeda u\u017etikrinti bet kurios \u012fmon\u0117s skland\u017ei\u0105 veikl\u0105. Tinkamai ir laiku parengti vidiniai dokumentai padeda i\u0161vengti klaid\u0173 ar kitoki\u0173 problem\u0173 ateityje. \u00a0 \u00a0 Kiekvienos \u012fmon\u0117s veiklos pagrind\u0105 sudaro dokumentai. Vidiniai dokumentai (steigiamieji dokumentai, \u012fmon\u0117s \u012fstatai) apibr\u0117\u017eia \u012fmon\u0117s veikl\u0105, jos tikslus, valdymo organus bei j\u0173 kompetencij\u0105. Dokument\u0173 pagrindu valdoma \u012fmon\u0117 (akcinink\u0173, valdybos sprendimai, \u012fsakymai) sudaromi sandoriai (sutartys). Tod\u0117l siekiant u\u017etikrinti skland\u017ei\u0105 \u012fmon\u0117s veikl\u0105 ir i\u0161vengti gin\u010d\u0173 ateityje, svarbu tinkamai ir profesionaliai parengti dokumentus. Sutartis \u2013 tai\u00a0 dviej\u0173 ar daugiau asmen\u0173 susitarimas sukurti, pakeisti ar nutraukti civilinius teisinius santykius, kai vienas ar keli asmenys \u012fsipareigoja kitam asmeniui ar asmenims atlikti tam tikrus veiksmus (ar susilaikyti nuo tam tikr\u0173 veiksm\u0173 atlikimo), o pastarieji \u012fgyja reikalavimo teis\u0119. Sutartys sudaro bet kurios \u012fmon\u0117s komercin\u0117s veiklos pagrind\u0105. Sutar\u010di\u0173 pagrindu vyksta preki\u0173 ar paslaug\u0173 jud\u0117jimas, atliekami atsiskaitymai, \u012fmon\u0117 gauna pajamas. Pagrindiniai sutar\u010di\u0173 vykdymo principai \u2013\u00a0 \u0161alys privalo vykdyti sutart\u012f tinkamai ir s\u0105\u017einingai, vykdant sutart\u012f, \u0161alys privalo bendradarbiauti ir kooperuotis, sutartis turi b\u016bti vykdoma kuo ekonomi\u0161kesniu kitai \u0161aliai b\u016bdu. Atkreiptinas d\u0117mesys, kad teis\u0117tai sudaryta ir galiojanti sutartis jos \u0161alims turi\u00a0\u012fstatymo gali\u0105. \u012estatymas numato tam tikrus konkre\u010di\u0173 sutar\u010di\u0173 formos ir turinio reikalavimus, be to, jokios sutar\u010di\u0173 nuostatos negali prie\u0161tarauti imperatyvioms kit\u0173 \u012fstatym\u0173 nuostatoms. Taigi rengiant sutart\u012f reikalinga kruop\u0161ti ir i\u0161sami reikalavim\u0173, taikom\u0173 pagal konkre\u010dios sutarties pob\u016bd\u012f ir specifik\u0105, teisin\u0117 analiz\u0117. Svarbu nepamir\u0161ti, jog \u012fstatymas numato tam tikr\u0173 sutar\u010di\u0173 (pvz., nekilnojamojo daikto pirkimo-pardavimo, nekilnojam\u0173j\u0173 daikt\u0173 nuomos, sudarytos ilgesniam kaip vieneri\u0173 met\u0173 terminui ir kt.) privalom\u0105 teisin\u0119 registracij\u0105, tam tikroms sutartims nustatyta privaloma ra\u0161ytin\u0117 notarin\u0117 forma. Ne\u012fregistravus sutarties (tuo atveju, kai tai privaloma) ji negali b\u016bti panaudota prie\u0161 tre\u010diuosius asmenis ir nesukelia jiems teisini\u0173 pasekmi\u0173. Atkreiptinas d\u0117mesys, kad pa\u010dioms \u0161alims sutartis galioja, nors ir n\u0117ra privalomai \u012fregistruota. \u0160ali\u0173 teis\u0117s ir pareigos tokiais atvejais atsiranda ne nuo sandorio \u012fregistravimo, o nuo to momento, kuris yra nustatytas \u012fstatyme ar \u0161ali\u0173 susitarimu, i\u0161skyrus atvejus, kai \u012fstatymas nustato, kad \u0161ali\u0173 teis\u0117s ir pareigos atsiranda tik nuo sandorio \u012fregistravimo. M\u016bs\u0173 kompanijos profesionalai pad\u0117s i\u0161siai\u0161kinti j\u016bs\u0173 poreikius ir parengti sutartis pagal j\u016bs\u0173 individualius poreikius, suteiks reikiamas konsultacijas. Taip pat atstovaujame savo klientus derybose d\u0117l sutar\u010di\u0173 sudarymo, vykdymo, pakeitimo ar nutraukimo, taip pat analizuojame klient\u0173 pateiktas sutartis, teikiame teisines i\u0161vadas. J\u016bs\u0173 pageidavimu galime parengti ar i\u0161analizuoti tokias sutartis:<\/p>\n<ol>\n<li>Pirkimo \u2013 pardavimo sutartis;<\/li>\n<li>Main\u0173 sutartis;<\/li>\n<li>Skolos perk\u0117limo sutartis;<\/li>\n<li>Dovanojimo sutartis;<\/li>\n<li>Nuomos sutartis;<\/li>\n<li>Panaudos \/ Rangos sutartis;<\/li>\n<li>Atlygintin\u0173 paslaug\u0173 teikimo sutartis;<\/li>\n<li>Fran\u0161iz\u0117s sutartis;<\/li>\n<li>Komiso sutartis;<\/li>\n<li>Paslaugos sutartis;<\/li>\n<li>Paskolos ir kreditavimo sutartys, faktoringas;<\/li>\n<li>Krovini\u0173 ve\u017eimo, ekspedicijos sutartis;<\/li>\n<li>Jungtin\u0117s veiklos sutartis ir kitas sutartis.<\/li>\n<\/ol>\n<p>Tinkamas\u00a0dokumento paruo\u0161imas\u00a0\u2013 pirmas \u017eingsnis \u012f savo interes\u0173 apsaugojim\u0105, teisi\u0173 gynim\u0105 ir, gin\u010do atveju, bylos laim\u0117jim\u0105. Dokumento rengimas prasideda nuo, kuriuos reikia pasiekti rengiamu dokumentu. M\u016bs\u0173 patyr\u0119 specialistai pad\u0117s greitai ir profesionaliai paruo\u0161ti reikiamus dokumentus, kad apgintum\u0117te savo teises ir teis\u0117tus interesus. Galime pad\u0117ti paruo\u0161ti \u012fvairius skundus, raginimus d\u0117l skol\u0173, parei\u0161kimus ir pra\u0161ymus d\u0117l \u012fvairi\u0173 teis\u0117t\u0173 reikalavim\u0173, parinksime tinkam\u0105 teisin\u0119 argumentacij\u0105. Bet kokio dokumento rengimas prasideda nuo konsultacijos su klientu, i\u0161siai\u0161kin\u0119 ir i\u0161samiai aptar\u0119 situacij\u0105 surandame tinkam\u0105 teisin\u0119 baz\u0119. Remdamiesi Lietuvos Respublikos teis\u0117s aktais, bei Teism\u0173 praktika rengiame\u00a0\u012fvairius dokumentus, o kilus gin\u010dui ar klientui dalyvaujant teisminiame procese, galime paruo\u0161ti reikiamus procesinius dokumentus bei suteikti kvalifikuotas konsultacijas d\u0117l gaut\u0173 procesini\u0173 dokument\u0173. Ruo\u0161iant teisinius dokumentus yra b\u016btina u\u017etikrinti j\u0173 atitikim\u0105 Lietuvos Respublikos normini\u0173 akt\u0173 reikalavimams. B\u016btina pa\u017eym\u0117ti, kad tik tinkamai ir kruop\u0161\u010diai parengti vekseliai, pra\u0161ymai i\u0161duoti vykdomuosius \u012fra\u0161us, parei\u0161kimai d\u0117l teismo \u012fsakymo i\u0161davimo, ie\u0161kiniai, prie\u0161ie\u0161kiniai, pra\u0161ymai d\u0117l ikiteisminio tyrimo inicijavimo ar kiti procesiniai dokumentai, gali u\u017etikrinti skland\u0173 ir s\u0117kming\u0105 \u012fmon\u0117s veiklos vykdym\u0105 bei galim\u0105 skol\u0173 i\u0161ie\u0161kojimo proces\u0105 ar pad\u0117ti i\u0161vengti nuostoli\u0173.\u00a0<strong>\u012evertin\u0119 ir aptar\u0119 kliento situacij\u0105, pad\u0117sime profesionaliai parengti \u0161iuos pagrindinius procesinius dokumentus<\/strong><\/p>\n<ul>\n<li>parei\u0161kimus, ie\u0161kinius, atsiliepimus \u012f ie\u0161kinius, prie\u0161ie\u0161kinius;<\/li>\n<li>dublikus (ie\u0161kovo atsiliepimai \u012f atsakovo pareik\u0161t\u0105 atsiliepim\u0105);<\/li>\n<li>triplikus (atsakovo atsiliepimai \u012f dublik\u0105);<\/li>\n<li>apeliacinius skundus, atsiliepimus \u012f apeliacinius skundus;<\/li>\n<li>kasacinius skundus, atsiliepimus \u012f kasacinius skundus;<\/li>\n<li>atskirus skundus;<\/li>\n<li>parei\u0161kimus d\u0117l teismo \u012fsakymo i\u0161davimo;<\/li>\n<li>pra\u0161ymus d\u0117l nutar\u010di\u0173\/teismo \u012fsakymo \u012fvykdymo ir teikimas juos vykdyti;<\/li>\n<\/ul>\n<p>Prie\u0161 rengdami bet kok\u012f procesin\u012f dokument\u0105, i\u0161samiai nagrin\u0117jame kliento situacij\u0105, \u012fvertiname faktines aplinkybes, nagrin\u0117jame teismine praktik\u0105, teikiame profesionalias konsultacijas ir i\u0161ai\u0161kiname kiekvieno dokumento sukuriamas teisines pasekmes. Kiekvien\u0105 ruo\u0161iam\u0105 dokument\u0105 deriname su klientu.<\/p>\n<h2>Lietuvos verslo ypatumai<\/h2>\n<p>Lietuva, b\u016bdama senojo \u017eemyno geografiniu centru, siekia tapti svarbiu pasaulini\u0173 investicij\u0173 ir nauj\u0173 verslo id\u0117j\u0173 bei startuoli\u0173 traukos ta\u0161ku. Pa\u017eym\u0117tina, kad Lietuvos ekonomikos augimas per pastaruosius kelerius metus yra did\u017eiausias tarp Europos S\u0105jungos \u0161ali\u0173. Kalbant apie verslo prad\u017eios paprastum\u0105, anot Pasaulio Banko i\u0161vad\u0173, Lietuva u\u017eima vien\u0105 i\u0161 lyderiaujan\u010di\u0173 pozicij\u0173 pasaulyje. Lietuva taip pat u\u017eima pirmaujan\u010dias pozicijas ES bendradarbiavimo tarp verslo ir \u0161vietimo srityje. M\u016bs\u0173 \u0161alis yra gerai \u017einoma d\u0117l didelio kiekio i\u0161silavinusi\u0173 \u017emoni\u0173, auk\u0161tos kvalifikacijos specialist\u0173, puikiai i\u0161vystytos IT infrastrukt\u016bros. Did\u017eiuojam\u0117s i\u0161pl\u0117t\u0119 biologini\u0173 ir lazerini\u0173 technologij\u0173 sritis. Lietuvoje gerai i\u0161vystytas sausumos ir j\u016br\u0173 transporto tinklas, puikiai teikiamos transporto bei finansin\u0117s paslaugos. M\u016bs\u0173 tarptautin\u0117 \u012fmon\u0117, turinti veikian\u010di\u0173 filial\u0173 tinkl\u0105 keliose ES \u0161alyse, gali pasi\u016blyti plat\u0173 teisini\u0173 paslaug\u0173 asortiment\u0105, \u012fskaitant ir bet kokio verslo Lietuvoje steigim\u0105, pl\u0117tr\u0105 ir valdym\u0105 (pvz., naujos\u00a0<a href=\"https:\/\/www.bizbon.com\/lt\/uab-imones-steigimas-vilniuje\/\">\u012fmon\u0117s steigimas<\/a>\u00a0ir registravimas, pagalbos \u012fsigyjant jau \u012fregistruot\u0105 \u012fmon\u0119 suteikimas, taip pat rinkos tyrim\u0173 konkre\u010diame verslo sektoriuje atlikimas ir t.t.), taip pat verslo imigracijos paslaugas: teikiame pagalb\u0105 rengdami visus reikiamus dokumentus, siekiant gauti arba prat\u0119sti\u00a0<a href=\"https:\/\/www.bizbon.com\/lt\/leidimai-uzsienieciams-gyventi-lietuvos-respublikoje\/\">leidim\u0105 gyventi Lietuvoje<\/a>, u\u017etikrinant\u012f galimyb\u0119 gyventi, dirbti ir tokiu b\u016bdu laisvai jud\u0117ti visoje \u0160engeno teritorijoje, teikiame u\u017esienie\u010di\u0173 \u012fdarbinimo paslaugas, \u012fskaitant j\u0173 \u012fdarbinim\u0105 j\u016bs\u0173 \u012fmon\u0117je ir t.t.<\/p>\n","protected":false},"excerpt":{"rendered":"<p>Teisin\u0117s paslaugos verslui Teikiame teisines ir mokes\u010di\u0173 konsultavimo paslaugas Lietuvoje bei esame pasireng\u0119 jums pad\u0117ti. Kadangi dirbame keliose siaurose, specifin\u0117se [&hellip;]<\/p>\n","protected":false},"author":2,"featured_media":9177,"parent":0,"menu_order":0,"comment_status":"closed","ping_status":"closed","template":"page-leftsidebar.php","meta":{"_acf_changed":false,"footnotes":""},"class_list":["post-9560","page","type-page","status-publish","has-post-thumbnail","hentry"],"acf":[],"_links":{"self":[{"href":"https:\/\/www.bizbon.com\/lt\/wp-json\/wp\/v2\/pages\/9560","targetHints":{"allow":["GET"]}}],"collection":[{"href":"https:\/\/www.bizbon.com\/lt\/wp-json\/wp\/v2\/pages"}],"about":[{"href":"https:\/\/www.bizbon.com\/lt\/wp-json\/wp\/v2\/types\/page"}],"author":[{"embeddable":true,"href":"https:\/\/www.bizbon.com\/lt\/wp-json\/wp\/v2\/users\/2"}],"replies":[{"embeddable":true,"href":"https:\/\/www.bizbon.com\/lt\/wp-json\/wp\/v2\/comments?post=9560"}],"version-history":[{"count":1,"href":"https:\/\/www.bizbon.com\/lt\/wp-json\/wp\/v2\/pages\/9560\/revisions"}],"predecessor-version":[{"id":9561,"href":"https:\/\/www.bizbon.com\/lt\/wp-json\/wp\/v2\/pages\/9560\/revisions\/9561"}],"wp:featuredmedia":[{"embeddable":true,"href":"https:\/\/www.bizbon.com\/lt\/wp-json\/wp\/v2\/media\/9177"}],"wp:attachment":[{"href":"https:\/\/www.bizbon.com\/lt\/wp-json\/wp\/v2\/media?parent=9560"}],"curies":[{"name":"wp","href":"https:\/\/api.w.org\/{rel}","templated":true}]}}