{"id":9558,"date":"2024-03-15T18:24:07","date_gmt":"2024-03-15T16:24:07","guid":{"rendered":"https:\/\/www.bizbon.com\/?page_id=9558"},"modified":"2024-03-21T02:31:02","modified_gmt":"2024-03-21T00:31:02","slug":"inventorizacija","status":"publish","type":"page","link":"https:\/\/www.bizbon.com\/lt\/inventorizacija\/","title":{"rendered":"Inventorizacija"},"content":{"rendered":"<h2><strong>Inventorizacijos paslaugos<\/strong><\/h2>\n<p><strong>Inventorizacija<\/strong>\u00a0\u2013 materialini\u0173 ir nematerialini\u0173 vertybi\u0173 faktinis sutikrinimas su\u00a0<a href=\"https:\/\/lt.wikipedia.org\/wiki\/Apskaita\" rel=\"nofollow noopener\" target=\"_blank\">apskaitos<\/a>\u00a0duomenimis arba toki\u0173 vertybi\u0173 s\u0105ra\u0161o sudarymas. Atlikti kasmetin\u0119 viso turto ir \u012fsipareigojim\u0173 inventorizacij\u0105 privalo visos \u012fmon\u0117s, rengian\u010dios finansini\u0173 ataskait\u0173 rinkinius pagal Lietuvos Respublikos \u012fmoni\u0173 finansin\u0117s atskaitomyb\u0117s \u012fstatymo nuostatas (toliau \u2013 \u012estatymas). \u012estatymo 15 straipsnyje nurodyta, kad apskaitos duomenys (kuriais remiantis sudaromos finansin\u0117s ataskaitos) pagrind\u017eiami turto ir \u012fsipareigojim\u0173 inventorizavimo duomenimis. Tai rei\u0161kia, kad kiekviena finansin\u0117se ataskaitose \u012fra\u0161yta suma turi b\u016bti fakti\u0161kai patikrinta \u2013 inventorizuota. Net ir puikiai\u00a0tvarkydamos buhalterin\u0119, apskait\u0105 \u012fmon\u0117s periodi\u0161kai turi patikrinti, ar faktiniai turto liku\u010diai bei \u012fsipareigojimai atitinka su bendrov\u0117s vedama buhalterine apskaita. Kadangi duomenys, esantys buhalterin\u0117je programoje, ne visada atitinka faktin\u012f preki\u0173 kiek\u012f, tod\u0117l reguliari preki\u0173\u00a0inventorizacija\u00a0yra b\u016btina. T\u0105 reglamentuoja ir Lietuvos Respublikos \u012fstatymai (Vyriausyb\u0117s 2008 m. baland\u017eio 17 d. Patvirtintos Inventorizacijos taisykles, \u012fsakymo Nr. 370.) Apskait\u0105 tvarkan\u010dio asmens atsakomyb\u0117 yra teisingai u\u017eregistruoti inventorizacijos rezultatus \u012fmon\u0117s buhalterin\u0117je apskaitoje. Inventorizacija yra b\u016btina, \u0161iais atvejais<\/p>\n<ul>\n<li><a href=\"https:\/\/www.bizbon.com\/lt\/verslo-pirkimas-ir-pardavimas-lietuvoje\/\">\u012fmon\u0117 yra parduodama<\/a>\u00a0arba reorganizuojama, likviduojama;<\/li>\n<li>kei\u010diasi materialiai atsakingi asmenys;<\/li>\n<li>yra vagyst\u0117s, gaisras, gedimai, nelaim\u0117s ir pan.;<\/li>\n<li>prie\u0161 sudarant finansin\u0117s atskaitomyb\u0117s ataskaitas.<\/li>\n<\/ul>\n<p>Inventorizacija\u00a0gali b\u016bti atliekama pagal \u012fvairius parametrus: a) pagal atskir\u0105 turto ar prek\u0117s r\u016b\u0161\u012f, b) turto\/prek\u0117s buvimo viet\u0105, c) materialiai atsaking\u0105 asmen\u012f. Norint u\u017etikrinti nenutr\u016bkstam\u0105 \u012fmon\u0117s darb\u0105, labai svarbu pasirinkti tinkam\u0105 laik\u0105 inventorizacijai (pvz: netrukdyti pirk\u0117jams ir pardav\u0117jams, neu\u017elaikyti preki\u0173 jud\u0117jimo ir pan.). Taip pat svarbu, kad\u00a0inventorizacija\u00a0 b\u016bt\u0173 atlikta greitai ir tiksliai. Tam danai naudojama moderni technologin\u0117 ir programin\u0117 \u012frang\u0105, kurios pagalba galima maksimaliai greitai ir klientui patogiu metu atlikti skai\u010diavimus ir rezultatus pateikti pageidaujama forma. Klientui net nereik\u0117s skirti papildom\u0173 darbo j\u0117gos resurs\u0173. Kada ir kaip turi b\u016bti atlikta inventorizacija, nusprend\u017eia \u012fmon\u0117s vadovas. Tai \u012fforminama vadovo \u012fsakymu d\u0117l inventorizacijos atlikimo. Privalomieji \u0161io \u012fsakymo rekvizitai nurodyti Inventorizacijos taisykli\u0173 10 punkte: skiriama inventorizacijos komisija, nurodoma, pagal kurios dienos duomenis atliekama inventorizacija, ir parenkamas inventorizacijos laikas. Nors taisykl\u0117s to ir nereikalauja, vadovas, nor\u0117damas u\u017etikrinti, kad visos po inventorizacijos atliekamos proced\u016bros b\u016bt\u0173 atliktos operatyviai, tur\u0117t\u0173 \u012fsakyme papildomai nurodyti, iki kurios dienos turi b\u016bti sudaromi sutikrinimo \u017einiara\u0161\u010diai ir kada inventorizavimo apra\u0161ai bei sutikrinimo \u017einiara\u0161\u010diai turi b\u016bti pristatyti vadovui. \u00a0 Vis\u0173 pirma \u012fmon\u0117s vadovas, tur\u0117t\u0173 nuspr\u0119sti ir \u012fsakymo forma \u012ftvirtinti, kas bus inventorizacijos komisijos nariai ir jos pirmininkas. Atkreiptinas d\u0117mesys, kad komisij\u0105 turi sudaryti ne ma\u017eiau kaip 2 \u017emon\u0117s ir j\u0173 nariais negali b\u016bti materialiai atsakingi asmenys. Ta\u010diau jei \u012fmon\u0117je dirba ma\u017eiau nei 3 asmenys, komisija gali b\u016bti nesudaroma, o inventorizacij\u0105 gali atlikti vienas asmuo. Naujose taisykl\u0117se \u012ftvirtinta, kad vyriausiasis buhalteris negali b\u016bti skiriamas komisijos pirmininku bei, esant kvalifikuot\u0173 darbuotoj\u0173 tr\u016bkumui, inventorizacijos komisijos nariais gali b\u016bti skiriami ir \u012fmon\u0117je nedirbantys asmenys. Inventorizacijos taisykl\u0117se taip pat nustatyta, kad \u012fmon\u0117s vadovas savo sprendime d\u0117l inventorizacijos organizavimo taip pat tur\u0117t\u0173 nurodyti:<\/p>\n<ul>\n<li>Pavedim\u0105 laiku ir tinkamai atlikti inventorizacij\u0105 pagal sprendime nurodytos dienos b\u016bkl\u0119;<\/li>\n<li>Inventorizacijos atlikimo prad\u017eios ir pabaigos datos;<\/li>\n<li>Inventorizacijos fakt\u0105 \u012fforminti dokumentais.<\/li>\n<\/ul>\n<p>Da\u017enai \u012fsivaizduojama, kad inventorizacija t\u0117ra materialaus turto suskai\u010diavimas. Ta\u010diau be faktinio materialini\u0173 vertybi\u0173 patikrinimo tur\u0117t\u0173 b\u016bti atliekama ir dokumentin\u0117 j\u0173 inventorizacija. Tam tikro, materialios formos neturin\u010dio turto ir \u012fsipareigojim\u0173, pavyzd\u017eiui, skol\u0173, patikrinimas gali b\u016bti tik dokumentinis. Atliekant dokumentin\u0119 inventorizacij\u0105 tikrinami pirminiai dokumentai, kuri\u0173 pagrindu buvo u\u017eregistruotas turto ir \u012fsipareigojim\u0173 padid\u0117jimas ir suma\u017e\u0117jimas. Kartu per\u017ei\u016brimos ir sutartys, kurias vykdant susidaro turtas ar \u012fsipareigojimai. Be to, patikrinama, ar dokumentuose nurodytos sumos teisingai u\u017eregistruotos buhalterin\u0117je apskaitoje ir ar teisingai priskirtos turto ir \u012fsipareigojim\u0173 grup\u0117ms Inventorizacija dokumentuojama sudarant inventorizavimo apra\u0161us. J\u0173 privalomieji rekvizitai nurodyti Inventorizacijos taisykl\u0117se. Inventorizavimo apra\u0161uose \u012fra\u0161omi tik faktiniai turto ir \u012fsipareigojim\u0173 duomenys, gauti fizi\u0161kai patikrinus turt\u0105 ar susijusius dokumentus. U\u017epildytus ir pasira\u0161ytus inventorizavimo apra\u0161us inventorizacijos komisija perduoda buhalterijai. Apskai\u010diuoti buhalterin\u0117s apskaitos liku\u010diai palyginami su inventorizavimo apra\u0161\u0173 duomenimis. Jeigu randama inventorizavimo apra\u0161uose ir buhalterin\u0117je apskaitoje u\u017efiksuot\u0173 duomen\u0173 neatitikim\u0173, turi b\u016bti sudaromi sutikrinimo \u017einiara\u0161\u010diai. \u012e sutikrinimo \u017einiara\u0161\u010dius sura\u0161omi tik tie turto ar \u012fsipareigojim\u0173 objektai, kuri\u0173 tr\u016bksta arba kuri\u0173 rasta per daug, palyginus su buhalterin\u0117s apskaitos duomenimis.<\/p>\n<h3>Sand\u0117lio inventorizacija<\/h3>\n<p>Yra skirta nustatyti fakti\u0161kai esam\u0173 preki\u0173 kiek\u012f sand\u0117liuose ir palyginti su buhalterin\u0117je programoje turimais duomenimis apie preki\u0173 liku\u010dius. Jei preki\u0173 liku\u010diai neatitinka atliekami buhalteriniai \u012fra\u0161ai patikslinantys preki\u0173 liku\u010dius buhalterin\u0117je programoje. Jei preki\u0173 liku\u010di\u0173 neatitikimas yra gan \u017eymus, o gal daugelis preki\u0173 yra tiesiog pa\u017eeistos, praradusios prekin\u0119 i\u0161vaizd\u0105, vert\u0119, tuomet galima \u012ftarti kad yra prastai organizuojamas sand\u0117lio darbas, neu\u017etikrinama pakankama preki\u0173 jud\u0117jimo kontrol\u0117 ar sand\u0117liavimo s\u0105lygos, o gal tai yra net \u017eenklas apie nelabai lojalius darbuotojus dirban\u010dius sand\u0117lyje, kurie gali kartais pasisavinti Bendrovei priklausan\u010dias prekes<strong>.<\/strong><\/p>\n<h4>Sand\u0117lio inventorizacijos\u00a0b\u016btinumas<\/h4>\n<p>Kartais n\u0117 nekyla \u012ftarimas, jog sand\u0117lyje gali b\u016bti netvarka tol, kol n\u0117ra atliekama\u00a0<strong>sand\u0117lio inventorizacija<\/strong>. I\u0161analizavus po inventorizacijos gautus duomenis, gali paai\u0161k\u0117ti, kad i\u0161 ties\u0173 preki\u0173 sand\u0117liavimas nebuvo tinkamai organizuojamas. Tod\u0117l Bendrov\u0117s vadovai gali daryti atitinkamus sprendimus gerinant sand\u0117lio, bei preki\u0173 valdym\u0105, taip taupydami savo finansinius i\u0161teklius ir laiku apr\u016bpindami klientus u\u017esakytomis prek\u0117mis. Svarbu pamin\u0117ti, kad\u00a0sand\u0117lio inventorizacij\u0105 atlikti\u00a0geriausia patik\u0117ti i\u0161oriniams, nepriklausomiems ir nesuinteresuotiems asmenims, kurie pateiks inventorizacijos rezultatus bei parengs i\u0161vadas ir rekomendacijas. Negana to, reikalinga ir inventorizacijos atlikimo patirtis bei \u012fvairi \u012franga tinkamai atlikti inventorizacijai i\u0161keltus u\u017edavinius.<\/p>\n<h3>Parduotuv\u0117s inventorizacija<\/h3>\n<p>Verslui ple\u010diantis, did\u0117jant darbuotoj\u0173 skai\u010diui, j\u0173 rotacijai, kei\u010diantis materialiai atsakingiems asmenims, ateina momentas prekybos \u012fmon\u0117se, kuomet yra reikalinga nepriklausoma\u00a0<strong>parduotuv\u0117s inventorizacija<\/strong>, kurios metu ne\u0161ali\u0161kai, greitai bei tiksliai, naudojant pa\u017eangiausias preki\u0173\u00a0inventorizavimo ir duomen\u0173 apdorojimo technologijas, b\u016bt\u0173 nustatyti parduotuv\u0117s preki\u0173 liku\u010diai.<\/p>\n<h4>Parduotuv\u0117s inventorizacijos eiga<\/h4>\n<p>Prie\u0161 atliekant inventorizacij\u0105 su u\u017esakovu reikia aptarti ir kai kurias detales, kaip kad inventorizuojam\u0173 parduotuvi\u0173 kiek\u012f, j\u0173 lokacijas mieste ar visoje Lietuvoje, laikotarpis, kuomet geriausia b\u016bt\u0173 atlikti\u00a0parduotuv\u0117s inventorizacij\u0105, kad b\u016bt\u0173 kuo ma\u017eiau trikdomas bendroves darbas. Be to, reikia i\u0161analizuoti kliento turim\u0105 preki\u0173 duomen\u0173 baz\u0119, aptarti reikaling\u0105 rezultat\u0173 pateikimo format\u0105 ir, gal\u0173 gale, pa\u010dios inventorizacijos atlikimo dat\u0105, apimtis bei kain\u0105. I\u0161siai\u0161kinus visus \u0161iuos aspektus galima prad\u0117ti\u00a0parduotuv\u0117s inventorizacij\u0105. Klientams labai naudinga, kad atliekant inventorizacij\u0105 j\u0173 personalas yra minimaliai trukdomas, nes inventorizuojant\u012f personalu ir inventorizacijos vadovu pasir\u016bpiname mes, tad klientui nebereikia skirti joki\u0173 papildom\u0173 resurs\u0173. Atlikus inventorizacij\u0105 mes pateiksime faktinius rezultatus formate, kuris i\u0161 anksto buvo aptartas su klientu, kad b\u016bt\u0173 papras\u010diau palyginti apskaitos ir inventorizacijos preki\u0173 liku\u010dius. Po inventorizacijos akto sura\u0161ymo galima atlikti atitinkamus tikslinamuosius \u012fra\u0161us Bendrov\u0117s buhalterijoje, taip tiksliau atvaizduojant esam\u0105 faktin\u0119 bendrov\u0117s finansin\u0119 b\u016bsen\u0105. Jei naudosit\u0117s m\u016bs\u0173 paslaugomis, nereik\u0117s samdyti papildom\u0173 darbuotoj\u0173 ar apkrauti papildomu darbu esam\u0173.\u00a0\u00a0Mes dirbame tam, kad pelnytume J\u016bs\u0173 pasitik\u0117jim\u0105 ir pagarb\u0105, kartu pad\u0117dami siekti J\u016bs\u0173 i\u0161kelt\u0173 tiksl\u0173. Jums u\u017esisakius inventorizacijos paslaugas pas mus, vienu metu atvyks pas jus reikiamas kiekis \u017emoni\u0173, kad darbas b\u016bt\u0173 atliktas maksimaliai greitai \u2013 tokiu b\u016bdu sutaupysite ir laiko, ir pinig\u0173. Specialistai per\u017ei\u016br\u0117s, kad inventorizacijos \u012fsakymai, taisykl\u0117s ir kiti su tuo susij\u0119 dokumentai b\u016bt\u0173 tinkamai \u012fforminti. Jei domit\u0117s inventorizacijos paslaugomis, kvie\u010diame atsi\u0173sti mums u\u017eklaus\u0105 su nurodytais preliminariais preki\u0173 kiekiais, inventorizuojam\u0173 parduotuvi\u0173 skai\u010diumi, terminais, kitais b\u016btinais parametrais. Taip pat pra\u0161ome u\u017eklausoje palikti savo kontaktin\u012f telefono numer\u012f, jei kartais pritr\u016bkt\u0173 informacijos skai\u010diuojant galim\u0105 inventorizacijos darb\u0173 kain\u0105. Be to, galite tiesiog susisiekti su mumis telefonu ir aptarti reikiamas detales.<\/p>\n","protected":false},"excerpt":{"rendered":"<p>Inventorizacijos paslaugos Inventorizacija\u00a0\u2013 materialini\u0173 ir nematerialini\u0173 vertybi\u0173 faktinis sutikrinimas su\u00a0apskaitos\u00a0duomenimis arba toki\u0173 vertybi\u0173 s\u0105ra\u0161o sudarymas. Atlikti kasmetin\u0119 viso turto ir [&hellip;]<\/p>\n","protected":false},"author":2,"featured_media":9177,"parent":0,"menu_order":0,"comment_status":"closed","ping_status":"closed","template":"page-leftsidebar.php","meta":{"_acf_changed":false,"footnotes":""},"class_list":["post-9558","page","type-page","status-publish","has-post-thumbnail","hentry"],"acf":[],"_links":{"self":[{"href":"https:\/\/www.bizbon.com\/lt\/wp-json\/wp\/v2\/pages\/9558","targetHints":{"allow":["GET"]}}],"collection":[{"href":"https:\/\/www.bizbon.com\/lt\/wp-json\/wp\/v2\/pages"}],"about":[{"href":"https:\/\/www.bizbon.com\/lt\/wp-json\/wp\/v2\/types\/page"}],"author":[{"embeddable":true,"href":"https:\/\/www.bizbon.com\/lt\/wp-json\/wp\/v2\/users\/2"}],"replies":[{"embeddable":true,"href":"https:\/\/www.bizbon.com\/lt\/wp-json\/wp\/v2\/comments?post=9558"}],"version-history":[{"count":1,"href":"https:\/\/www.bizbon.com\/lt\/wp-json\/wp\/v2\/pages\/9558\/revisions"}],"predecessor-version":[{"id":9559,"href":"https:\/\/www.bizbon.com\/lt\/wp-json\/wp\/v2\/pages\/9558\/revisions\/9559"}],"wp:featuredmedia":[{"embeddable":true,"href":"https:\/\/www.bizbon.com\/lt\/wp-json\/wp\/v2\/media\/9177"}],"wp:attachment":[{"href":"https:\/\/www.bizbon.com\/lt\/wp-json\/wp\/v2\/media?parent=9558"}],"curies":[{"name":"wp","href":"https:\/\/api.w.org\/{rel}","templated":true}]}}