{"id":9556,"date":"2024-03-15T18:23:10","date_gmt":"2024-03-15T16:23:10","guid":{"rendered":"https:\/\/www.bizbon.com\/?page_id=9556"},"modified":"2024-03-21T02:31:02","modified_gmt":"2024-03-21T00:31:02","slug":"verslo-pletra","status":"publish","type":"page","link":"https:\/\/www.bizbon.com\/lt\/verslo-pletra\/","title":{"rendered":"Verslo pl\u0117tra"},"content":{"rendered":"<h2><strong>Verslo pl\u0117tra<\/strong><\/h2>\n<p>Verslo pl\u0117tros tikslams s\u0117kmingai \u012fgyvendinti da\u017enai prireikia papildomo finansavimo, tinkamai ir profesionaliai parengto verslo plano, nauj\u0173 verslo licencij\u0173, profesionali\u0173 teisini\u0173 ir mokestini\u0173 konsultacij\u0173. Taigi, pl\u0117sdamos versl\u0105 \u012fmon\u0117s retai apsieina be profesional\u0173 pagalbos. Tod\u0117l, siekdami klientams pad\u0117ti greitai ir efektyviai realizuoti verslo pl\u0117tr\u0105, si\u016blome tokias paslaugas:<\/p>\n<ul>\n<li>Sandori\u0173 teisinis, mokestinis, finansinis strukt\u016brizavimas;<\/li>\n<li>Verslo integracija (\u012fsigyto verslo sujungimas su \u012fmoni\u0173 grupe);<\/li>\n<li>Verslo pirkimo-pardavimo sandoriai (verslo vertinimas, sutar\u010di\u0173 rengimas, sutar\u010di\u0173 per\u017ei\u016bra);<\/li>\n<li>Finansavimo paie\u0161ka ir alternatyv\u0173 \u012fvertinimas (tarpininkavimas su bankais, ES l\u0117\u0161\u0173 \u012fsisavinimas, priva\u010di\u0173 investuotoj\u0173 ir fond\u0173 paie\u0161ka);<\/li>\n<li>Holdingo \u012fmon\u0117s (konsultacijos d\u0117l holdingo jurisdikcijos, mokes\u010di\u0173 optimizavimas panaudojant u\u017esienio ir vietines dukterines kompanijas);<\/li>\n<li>Verslo plan\u0173 rengimas;<\/li>\n<li>Veiklos licencij\u0173 gavimas;<\/li>\n<li>Klient\u0173 paie\u0161ka ir atstovavimas u\u017esienyje;<\/li>\n<li>\u012emoni\u0173, filial\u0173 ir atstovybi\u0173 registravimas Lietuvoje ir u\u017esienio \u0161alyse.<\/li>\n<\/ul>\n<p>Verslo pl\u0117tra yra kiekvienos pelno siekian\u010dios organizacijos ilgalaik\u0117s strategijos dalis ir tikslas, susidedanti i\u0161 daugyb\u0117s tarpusavyje susijusi\u0173 komponent\u0173: investicij\u0173, vadybini\u0173 sprendim\u0173, i\u0161orin\u0117s ir vidin\u0117s komunikacijos bei rinkodaros.\u00a0Verslo pl\u0117tra\u00a0paprastai yra susijusi su \u012fmon\u0117s u\u017eimamos rinkos dalies padidinimu, nauj\u0173 rink\u0173 atradimu ir u\u017e\u0117mimu, produkcijos gamybos ir\/ ar pardavimo padid\u0117jimu. \u012emon\u0117s ple\u010dia versl\u0105 ir u\u017ekariauja naujas rinkas, \u012fsigydamos kitas \u012fmones ar prisijungdamos prie kit\u0173 \u012fmoni\u0173 ar \u012fmoni\u0173 grupi\u0173, \u012fsigydamos versl\u0105, \u012fkurdamos dukterines \u012fmones ar filialus\/ atstovybes u\u017esienio valstyb\u0117se, \u012fgyvendindamos naujus investicinius projektus.<\/p>\n<h2>Fran\u0161iz\u0117 \u2013 populiarus verslo pl\u0117tros modelis<\/h2>\n<p>Vienas i\u0161 populiariausi\u0173 verslo pl\u0117tros modeli\u0173 \u2013 s\u0117kmingo prek\u0117s \u017eenklo fran\u0161iz\u0117s \u012fsigijimas. Toks veiklos modelis \u017emogui, siekian\u010diam prad\u0117ti versl\u0105, sukuria tris kartus didesn\u0119 tikimyb\u0119 i\u0161likti rinkoje nei pradedant versl\u0105 savaranki\u0161kai. Be to, s\u0117kmingo verslo savininkui leid\u017eia pasiekti i\u0161skirtinai dinami\u0161kus pl\u0117tros tempus atidarant kartais net kelis padalinius per dien\u0105. Fran\u0161iz\u0117 s\u0117kmingam verslininkui padeda susirasti motyvuot\u0105 verslo partner\u012f, kuriam, u\u017e tam tikr\u0105 mokest\u012f, yra suteikiama teis\u0117 naudoti prek\u0117s \u017eenklus bei verslo valdymo\u00a0 know-how atidarant nuosav\u0105 padalin\u012f. Verslininkui, pasirinkusiam fran\u0161iz\u0119 kaip verslo pl\u0117tros b\u016bd\u0105, yra ne tik sukuriamas pagrindas spar\u010diai pl\u0117trai, bet ir stabilus pajam\u0173 \u0161altinis. Tuo tarpu fran\u0161iz\u0119 \u012fsigyjantis asmuo gauna fran\u0161iz\u0117s paket\u0105 leid\u017eiant\u012f i\u0161vengti naujos verslo koncepcijos k\u016brimo klaid\u0173 bei dideli\u0173 i\u0161laid\u0173. Prie fran\u0161iz\u0117s paketo, fran\u0161iz\u0119 \u012fsigyjantis asmuo gauna profesionalaus, motyvuoto ir suinteresuoto pad\u0117ti verslininko konsultacijas, leid\u017eian\u010dias greitai ir u\u017etikrintai prad\u0117ti bei vystyti savo versl\u0105.<\/p>\n<h2>Dukterin\u0117s \u012fmon\u0117s, filialai ir atstovyb\u0117s<\/h2>\n<p>Verslo mastams did\u0117jant, gali kilti poreikis \u012fmon\u0117s veikl\u0105 pl\u0117sti ar strukt\u016bri\u0161kai skirstyti pagal teritorij\u0105, atliekamas\u00a0funkcijas ar\u00a0specializacij\u0105\u00a0siekiant nustatyti optimaliausi\u0105 veiklos vykdymo strukt\u016br\u0105. Tod\u0117l Jeigu verslui\u00a0palanku, kad \u012fmon\u0117s padalinys\u00a0gal\u0117t\u0173 savaranki\u0161kai priimti sprendimus ir sudaryti sandorius, da\u017enai steigiamos dukterin\u0117s \u012fmon\u0117s, filialai ar atstovyb\u0117s. Da\u017eniausiai toks verslo pl\u0117tros modelis pasirenkamas, kai verslas ple\u010diamas \u012f u\u017esienio rinkas. \u012emon\u0117s\u00a0filialas ar atstovyb\u0117 tur\u0117s tokias teises, kokias suteiks juos \u012fsteigusi\u00a0\u012fmon\u0117, ta\u010diau ne platesnes, nei leid\u017eia \u012fstatymai ir kiti teis\u0117s aktai.<\/p>\n<ul>\n<li><strong>Filialas.\u00a0<\/strong>\u012estatymai leid\u017eia \u012fmon\u0117s\u00a0filialui\u00a0suteikti visas teises, kurias turi \u012fmon\u0117, ta\u010diau ne daugiau nei turi pati.<\/li>\n<li><strong>Atstovyb\u0117.\u00a0<\/strong>Atstovybei teis\u0117s aktai suteikia baigtin\u012f teisi\u0173 s\u0105ra\u0161\u0105: atstovauti \u012fmon\u0117s interesams ir juos ginti, sudaryti sandorius ir atlikti kitus veiksmus \u012fmon\u0117s vardu. Atstovyb\u0117 negali vykdyti komercin\u0117s veiklos, tad jos veiklos galimyb\u0117s gana ribotos.<\/li>\n<\/ul>\n<p>Visgi atstovyb\u0117s registracija suteikia verslininkui labai ribotas veiklos galimybes, nes atstovyb\u0117 negali u\u017esiimti komercine veikla. Ta\u010diau tam tikrais atvejais atstovyb\u0117s registravimas yra pateisinamas d\u0117l mokestini\u0173 prie\u017eas\u010di\u0173. Skirtingai nei atstovyb\u0117s, filialas gali u\u017esiimti komercine veikla, bet tai n\u0117ra atskiras juridinis asmuo. Be to, prie\u0161 registruojant filial\u0105, ypa\u010d jeigu filialas registruojamas u\u017esienio valstyb\u0117je, b\u016btina atid\u017eiai i\u0161nagrin\u0117ti visus mokestinus klausimus. Steigiant filialus ar atstovybes u\u017esienio valstyb\u0117je, der\u0117t\u0173 \u017einoti, kad tokiu atveju, atsi\u017evelgiant \u012f tarptautin\u0117s privatin\u0117s teis\u0117s vyraujan\u010dius principus, steigimo proced\u016bra veikiausiai bus vykdoma ir filialo ar atstovyb\u0117s teisi\u0173 apimtis nustatoma pagal valstyb\u0117s, kurioje yra steigiama, teis\u0119.<\/p>\n","protected":false},"excerpt":{"rendered":"<p>Verslo pl\u0117tra Verslo pl\u0117tros tikslams s\u0117kmingai \u012fgyvendinti da\u017enai prireikia papildomo finansavimo, tinkamai ir profesionaliai parengto verslo plano, nauj\u0173 verslo licencij\u0173, [&hellip;]<\/p>\n","protected":false},"author":2,"featured_media":9177,"parent":0,"menu_order":0,"comment_status":"closed","ping_status":"closed","template":"page-leftsidebar.php","meta":{"_acf_changed":false,"footnotes":""},"class_list":["post-9556","page","type-page","status-publish","has-post-thumbnail","hentry"],"acf":[],"_links":{"self":[{"href":"https:\/\/www.bizbon.com\/lt\/wp-json\/wp\/v2\/pages\/9556","targetHints":{"allow":["GET"]}}],"collection":[{"href":"https:\/\/www.bizbon.com\/lt\/wp-json\/wp\/v2\/pages"}],"about":[{"href":"https:\/\/www.bizbon.com\/lt\/wp-json\/wp\/v2\/types\/page"}],"author":[{"embeddable":true,"href":"https:\/\/www.bizbon.com\/lt\/wp-json\/wp\/v2\/users\/2"}],"replies":[{"embeddable":true,"href":"https:\/\/www.bizbon.com\/lt\/wp-json\/wp\/v2\/comments?post=9556"}],"version-history":[{"count":1,"href":"https:\/\/www.bizbon.com\/lt\/wp-json\/wp\/v2\/pages\/9556\/revisions"}],"predecessor-version":[{"id":9557,"href":"https:\/\/www.bizbon.com\/lt\/wp-json\/wp\/v2\/pages\/9556\/revisions\/9557"}],"wp:featuredmedia":[{"embeddable":true,"href":"https:\/\/www.bizbon.com\/lt\/wp-json\/wp\/v2\/media\/9177"}],"wp:attachment":[{"href":"https:\/\/www.bizbon.com\/lt\/wp-json\/wp\/v2\/media?parent=9556"}],"curies":[{"name":"wp","href":"https:\/\/api.w.org\/{rel}","templated":true}]}}