{"id":9553,"date":"2024-03-15T18:21:40","date_gmt":"2024-03-15T16:21:40","guid":{"rendered":"https:\/\/www.bizbon.com\/?page_id=9553"},"modified":"2024-03-15T18:21:40","modified_gmt":"2024-03-15T16:21:40","slug":"rinkos-tyrimu-paslaugos","status":"publish","type":"page","link":"https:\/\/www.bizbon.com\/lt\/rinkos-tyrimu-paslaugos\/","title":{"rendered":"Rinkos tyrim\u0173 paslaugos"},"content":{"rendered":"<h2><strong>Rinkos tyrim\u0173 paslaugos<\/strong><\/h2>\n<p>Daugeliui verslinink\u0173, planuojan\u010di\u0173 prad\u0117ti ar pl\u0117sti savo versl\u0105, yra naudinga patyrin\u0117ti nauj\u0105 rink\u0105. Tod\u0117l savo klientams Lietuvoje si\u016blome rinkos tyrim\u0173, klient\u0173 paie\u0161kos, konkurent\u0173 tyrim\u0173 paslaugas (\u0161iuo metu tokius tyrimus atliekame tik Lietuvoje).<\/p>\n<h2>Rinkos tyrim\u0173 nauda<\/h2>\n<p>Rinkos tyrim\u0173 tikslas \u2013 i\u0161vengti netinkamo verslo i\u0161tekli\u0173 naudojimo ir tiksliai \u012fvertinti produkt\u0173 ar paslaug\u0173 paklausos pob\u016bd\u012f bei lyg\u012f. Atliekant rinkos tyrimus paprastai norima i\u0161siai\u0161kinti esam\u0105 rinkos situacij\u0105 ir \u012fvertinti galimus b\u016bsimus rinkos pasikeitimus. Rinkos tyrimai padeda planuoti daug \u017eingsni\u0173 \u012f priek\u012f, vystyti rinkodaros strategij\u0105. Be to, siekiant priimti teisingus sprendimus ir patenkinti vartotoj\u0173 l\u016bkes\u010dius, visuomet reikia tur\u0117ti pa\u010di\u0105 naujausi\u0105 informacij\u0105. Rink\u0173 tyrimai, taip pat ir konkurent\u0173 tyrimai \u2013 tai informacijos apie rinkose susidariusias komercines, konkurencines ir kitokias s\u0105lygas surinkimas ir apdorojimas. Rinkos tyrimai atskleis reali\u0105 rinkos situacij\u0105, parodys nei\u0161naudotas verslo galimybes, \u012fvertins klieno ir jo konkurent\u0173 prana\u0161umas bei pateiks tiksl\u0173 esam\u0173 ar potenciali\u0173 klient\u0173 portret\u0105. Rink\u0173 ir konkurent\u0173 tyrimais paremta informacija padeda i\u0161vengti reik\u0161ming\u0173 klaid\u0173, nusp\u0117ti rinkos dalyvi\u0173 veiksmus, prognozuoti ir teisingai planuoti tolimesnius savo veiksmus, efektyviai planuoti biud\u017eet\u0105. Da\u017enai atsitinka taip, kad klientas nori nustatyti kain\u0105 tam tikrai paslaugai, kuri\u0105 planuoja teikti Lietuvoje, arba nori su\u017einoti, kiek konkurent\u0173 jis turi ir kokios yra j\u0173 si\u016blom\u0173 preki\u0173 ar paslaug\u0173 kainos ir pan. Tam b\u016btina atilikti tyrimus ir surinkti aktuali\u0105 informacij\u0105. Tokiu atveju si\u016blome savo klientams atlikti i\u0161sam\u0173 rinkos tyrim\u0105; turime piln\u0105 Lietuvos \u012fmoni\u0173 duomen\u0173 baz\u0119. Paprastai pageidaujamas tyrimas trunka nuo 2 savai\u010di\u0173 iki 1 m\u0117nesio. Konkre\u010dios paslaugos kain\u0105 ir atlikimo termin\u0105 mes aptariame su klientu individualiai. Rinkos tyrimo metu surinkti duomenys gali b\u016bti panaudojami, ne tik ka\u017ekurio rinkos segmento, bet pilnam rinkos pa\u017einimui: rinkos perkamosios galios \u012fvertinimui, vartotoj\u0173 \u012fpro\u010di\u0173 analizei, pirk\u0117j\u0173 apsisprendimo analizei, produkto ar paslaugos pasi\u016blos ir paklausos analizei, produkt\u0173 ar paslaug\u0173 kainodarai, rizikos analizei ir t.t. Taip pat \u0161i\u0173 tyrim\u0173 d\u0117ka kliento pageidavimu gali b\u016bti atlikta SWOT analiz\u0117: nustatomos silpnosios ir stipriosios \u012fmon\u0117s pus\u0117s, galimos gr\u0117sm\u0117s ir bendros pl\u0117tros ar verslo vystymo galimyb\u0117s. Be to, galima sukurti labai veiksming\u0105 komunikavimo med\u017eiag\u0105 pardavim\u0173 skyriui, tiksliau nustatyti ar papildyti savo klient\u0173 segment\u0105 bei sukurti tokius pardavim\u0173 planus, kuri\u0173 \u012fgyvendinimas atne\u0161t\u0173 reali\u0105 naud\u0105. \u0160tai kelios naudingos nuorodos apie rinkos tyrimus:<\/p>\n<ul>\n<li>\n<ul>\n<li>Lietuvos laisvos rinkos institutas \u2013 atlieka sociologines apklausas, organizuoja konferencijas ir paskaitas apie laisv\u0105j\u0105 rink\u0105.<\/li>\n<li>Euromonitor International atlieka kai kuriuos bendrus tyrimus apie Lietuv\u0105, taip pat teikia daug statistikos apie Lietuv\u0105 ir jos rink\u0105. \u010cia galima surasti daug \u012fdomios ir naudingos informacijos ir j\u0105 panaudoti planuojant savo veiksmus.<\/li>\n<\/ul>\n<\/li>\n<\/ul>\n<h2>Auk\u0161tos kompetencijos konsultantai<\/h2>\n<p>M\u016bs\u0173 biure dirba kvalifikuoti specialistai, gebantys atlikti apklausas, interviu, surinkti reikiamus duomenis kitokiais b\u016bdais, juos i\u0161analizuoti bei interpretuoti, pateikti klientams argumentuotas i\u0161vadas. Turime sukaup\u0119 daug naudingos informacijos apie Lietuvos ir Europos rink\u0105, taip pat daugiau nei 10 met\u0173 patirties. Tod\u0117l tokie tyrimai nebus pinig\u0173 \u0161vaistymas, o labai naudingas ir labai \u012fdomus turim\u0173 \u017eini\u0173 papildymas, kuris pad\u0117s priimti teisingus sprendimus. Suprasdami i\u0161\u0161\u016bkius, su kuriais susiduria m\u016bs\u0173 klientai, galime pad\u0117ti surasti geriausi\u0105 problemos sprendimo variant\u0105. Taigi, si\u016blome tik auk\u0161\u010diausios kokyb\u0117s verslo konsultacijas ir Lietuvos rinkos tyrimus. Esame apsidraud\u0119 civilin\u0117s atsakomyb\u0117s draudimu. Tod\u0117l jei patirtum\u0117te nuostoli\u0173 d\u0117l m\u016bs\u0173 kalt\u0117s, \u0161iuos nuostolius atlyginsime. Savalaikis pakankamos ir pagr\u012fstos informacijos valdymas ir tinkamas jos panaudojimas turi did\u017eiul\u0119 reik\u0161m\u0119 \u012fmoni\u0173 valdymui. Tai yra aktualu ne tik ma\u017eoms ar vidutin\u0117ms, bet ir pa\u010dioms stambiausioms \u012fmon\u0117ms.<\/p>\n","protected":false},"excerpt":{"rendered":"<p>Rinkos tyrim\u0173 paslaugos Daugeliui verslinink\u0173, planuojan\u010di\u0173 prad\u0117ti ar pl\u0117sti savo versl\u0105, yra naudinga patyrin\u0117ti nauj\u0105 rink\u0105. Tod\u0117l savo klientams Lietuvoje [&hellip;]<\/p>\n","protected":false},"author":2,"featured_media":9177,"parent":0,"menu_order":0,"comment_status":"closed","ping_status":"closed","template":"page-leftsidebar.php","meta":{"_acf_changed":false,"footnotes":""},"class_list":["post-9553","page","type-page","status-publish","has-post-thumbnail","hentry"],"acf":[],"_links":{"self":[{"href":"https:\/\/www.bizbon.com\/lt\/wp-json\/wp\/v2\/pages\/9553","targetHints":{"allow":["GET"]}}],"collection":[{"href":"https:\/\/www.bizbon.com\/lt\/wp-json\/wp\/v2\/pages"}],"about":[{"href":"https:\/\/www.bizbon.com\/lt\/wp-json\/wp\/v2\/types\/page"}],"author":[{"embeddable":true,"href":"https:\/\/www.bizbon.com\/lt\/wp-json\/wp\/v2\/users\/2"}],"replies":[{"embeddable":true,"href":"https:\/\/www.bizbon.com\/lt\/wp-json\/wp\/v2\/comments?post=9553"}],"version-history":[{"count":1,"href":"https:\/\/www.bizbon.com\/lt\/wp-json\/wp\/v2\/pages\/9553\/revisions"}],"predecessor-version":[{"id":9555,"href":"https:\/\/www.bizbon.com\/lt\/wp-json\/wp\/v2\/pages\/9553\/revisions\/9555"}],"wp:featuredmedia":[{"embeddable":true,"href":"https:\/\/www.bizbon.com\/lt\/wp-json\/wp\/v2\/media\/9177"}],"wp:attachment":[{"href":"https:\/\/www.bizbon.com\/lt\/wp-json\/wp\/v2\/media?parent=9553"}],"curies":[{"name":"wp","href":"https:\/\/api.w.org\/{rel}","templated":true}]}}