{"id":9547,"date":"2024-03-15T15:52:41","date_gmt":"2024-03-15T13:52:41","guid":{"rendered":"https:\/\/www.bizbon.com\/?page_id=9547"},"modified":"2024-03-15T15:55:55","modified_gmt":"2024-03-15T13:55:55","slug":"buhalterine-apskaita","status":"publish","type":"page","link":"https:\/\/www.bizbon.com\/lt\/buhalterine-apskaita\/","title":{"rendered":"Buhalterin\u0117 apskaita"},"content":{"rendered":"<h2><strong>Buhalterin\u0117s apskaitos paslaugos<\/strong><\/h2>\n<p>Pagal Lietuvos Respublikos buhalterin\u0117s apskaitos \u012fstatym\u0105, buhalteriui priklauso daug atsakomybi\u0173, o u\u017e jo klaidas atsako \u012fmon\u0117s vadovas. Tod\u0117l argi ne geriau patik\u0117ti svarbius \u012fmon\u0117s finansinius reikalus profesionaliems specialistams. Taigi, akivaizdu, kad buhalterin\u0117s \u012fmon\u0117s apskaita yra tikrai ne ta sritis, kurioje reik\u0117t\u0173 taupyti, ar rizikuoti. M\u016bs\u0173 buhalteriai yra gerai susipa\u017ein\u0119 su Lietuvos mokes\u010di\u0173 sistma, Verslo apskaitos standartais ir Tarptautiniais finansin\u0117s apskaitos standartais. Taigi, galite nesir\u016bpinti d\u0117l savo \u012fmon\u0117s buhalterin\u0117s apskaitos. Mes visada galime skirti jums laiko, taigi atsakymus \u012f pateiktus klausimus ar reikiam\u0105 informacij\u0105 gausite nedelsiant. M\u016bs\u0173 \u012fmon\u0117 nuo 2005 met\u0173 teikia buhalterin\u0117s apskaitos paslaugas Lietuvoje. Per \u0161iuos metus sp\u0117jome sukaupti ne tik \u012fvairi\u0105 patirt\u012f, bet ir pelnyti savo klient\u0173 pasitik\u0117jim\u0105 bei pagarb\u0105, nes keikvieno kliento situacij\u0105 vertiname individualiai. Taigi leiskite laiku jums suteikti kvalifikuot\u0105 pagalb\u0105. J\u016bs\u0173 patogumui, teikiame visas reikiamas buhalterin\u0117s apskaitos paslaugas Lietuvoje:<\/p>\n<ul>\n<li>\n<ul>\n<li>Buhalterin\u0117s apskaitos tvarkymas nuo pirmini\u0173 dokument\u0173 iki finansini\u0173 ataskait\u0173 parengimo;<\/li>\n<li>Atstovavimas visose valstybin\u0117se institucijose (Vlastybin\u0117 mokes\u010di\u0173 inspekcija, Sodra ir t.t.), taip pat priva\u010diose \u012fmon\u0117se;<\/li>\n<li>Konsultacijos Lietuvos mokes\u010di\u0173 sistemos klausimais;<\/li>\n<li>Apleistos buhalterin\u0117s apskaitos sutvarkymas;<\/li>\n<li>Mok\u0117jimo pavedim\u0173 bankams rengimas;<\/li>\n<li>Mokestini\u0173 ir kit\u0173 deklaracij\u0173 rengimas ir teikimas;<\/li>\n<li>Darbo u\u017emokes\u010dio apskaita;<\/li>\n<li>Finansini\u0173 ataskait\u0173, veiklos auditas;<\/li>\n<li>\u012emon\u0117s finansini\u0173 rodikli\u0173 analiz\u0117 ir i\u0161vad\u0173 teikimas.<\/li>\n<\/ul>\n<\/li>\n<\/ul>\n<p>Visos s\u0105lygos d\u0117l buhalterin\u0117s apskaitos paslaug\u0173 teikimo ir j\u0173 kainos but\u0173\u00a0<a href=\"https:\/\/www.bizbon.com\/lt\/kontaktai\/\">aptartos susitikimo metu<\/a>. Kiekeviena Lietuvos \u012fmon\u0117 privalo teikti Valstybinei mokes\u010di\u0173 inspekcijai (VMI), Socialinio draduimo fondui (SODRA), Statistikos departamentaui, Registr\u0173 centrui, Muitin\u0117s departamentui, Migracijos departamentui ir kitoms valstybin\u0117ms institucijoms tam tikras \u012fstatym\u0173 nustatytas ataskaitas ar kitokius dokumentus. U\u017esenie\u010diui ar net Lietuvos pilie\u010diui yra sunku tvarkyti apskait\u0105 pa\u010diam. Reikia ne tik puikiai mok\u0117ti valstybin\u0119 kalb\u0105, bet ir suprasti apskaitos principus ir riekalavimus, nuolat sekti da\u017enai besikei\u010dian\u010dius teis\u0117s aktus, dom\u0117tis mokes\u010di\u0173 naujov\u0117mis bei tur\u0117ti buhalterio kvalifikacij\u0105. Metini\u0173 ar tarpini\u0173 ataskait\u0173 nepateikimas ar nustatyt\u0173 mokes\u010di\u0173 nesumok\u0117jimas nustatytu laiku gali u\u017etraukti valstybini\u0173 institucij\u0173 sankcijas. Tod\u0117l visos Lietuvos \u012fmon\u0117s privalo tur\u0117ti buhalter\u012f, kuris pad\u0117s paruo\u0161ti visas reikiamas ataskaitas ir pateiks jas valstybin\u0117ms institucijoms, pataras mok\u0117tin\u0173 mokes\u010di\u0173 klausimais bei pad\u0117s atstovauti \u012fmon\u0119 Lietuvos Migracijos departamente ar kitose institucijose. Ta\u010diau tinkamai tvarkyti buhalterin\u0119 apskait\u0105 yra itin svarbu ne tik d\u0117l galim\u0173 valstybini\u0173 institucij\u0173 sankcij\u0173. Buhalterin\u0117s apskaitos informacija yra naudinga \u012fmon\u0117s savininkams ir vadovams. Buhalterin\u0117 apskaita turi tapti kiekvieno vadovo darbo \u012frankiu, o buhalteris privalo b\u016bti vadovo patar\u0117ju sprend\u017eiant kasdieninius u\u017edavinius ir numatant strateginius tikslus.\u00a0<strong>Pagal LR buhalterin\u0117s apskaitos \u012fstatym\u0105, bet kokios \u012fmon\u0117s apskait\u0105 tvarko:<\/strong><\/p>\n<ol>\n<li>vyriausiasis buhalteris (buhalteris);<\/li>\n<li>pagal sutart\u012f apskaitos paslaugas teikianti \u012fmon\u0117 arba apskaitos paslaugas savaranki\u0161kai teikiantis asmuo.<\/li>\n<\/ol>\n<p>Taigi, jeigu j\u016bs\u0173 \u012fmon\u0117je n\u0117ra atskiros buhalterio pareigyb\u0117s, tikslinga sudaryti sutart\u012f d\u0117l buhalterin\u0117s apskaitos paslaug\u0173 teikimo su profesional\u0173 \u012fmon\u0119. U\u017esienio rinkoje i\u0161orin\u0117s paslaugos populiarios jau daug met\u0173. Kaip \u012fprasta, \u012f Lietuv\u0105 tokios verslo tendencijos atkeliauja kiek v\u0117liau, ta\u010diau populiar\u0117ja ir m\u016bs\u0173 \u0161alyje. Pasaulin\u0117 buhalteri\u0173 praktika rodo, kad yra labai naudinga pavesti tvarkyti \u012fmon\u0117s buhalterin\u0119 apskait\u0105 specializuotai \u012fmonei, kuri visada laiku ir teisingai paruo\u0161 finansines ataskaitas, suteiks informacij\u0105 apie \u012fmon\u0117s veiklos rezultatus, skolininkus, \u012fvertins rizikas. Naudojant naujausias informacines technologijas klientams gali b\u016bti suteikiama prieiga prie buhalterin\u0117s apskaitos programos i\u0161 bet kurios vietos.<\/p>\n","protected":false},"excerpt":{"rendered":"<p>Buhalterin\u0117s apskaitos paslaugos Pagal Lietuvos Respublikos buhalterin\u0117s apskaitos \u012fstatym\u0105, buhalteriui priklauso daug atsakomybi\u0173, o u\u017e jo klaidas atsako \u012fmon\u0117s vadovas. [&hellip;]<\/p>\n","protected":false},"author":2,"featured_media":9177,"parent":0,"menu_order":0,"comment_status":"closed","ping_status":"closed","template":"page-leftsidebar.php","meta":{"_acf_changed":false,"footnotes":""},"class_list":["post-9547","page","type-page","status-publish","has-post-thumbnail","hentry"],"acf":[],"_links":{"self":[{"href":"https:\/\/www.bizbon.com\/lt\/wp-json\/wp\/v2\/pages\/9547","targetHints":{"allow":["GET"]}}],"collection":[{"href":"https:\/\/www.bizbon.com\/lt\/wp-json\/wp\/v2\/pages"}],"about":[{"href":"https:\/\/www.bizbon.com\/lt\/wp-json\/wp\/v2\/types\/page"}],"author":[{"embeddable":true,"href":"https:\/\/www.bizbon.com\/lt\/wp-json\/wp\/v2\/users\/2"}],"replies":[{"embeddable":true,"href":"https:\/\/www.bizbon.com\/lt\/wp-json\/wp\/v2\/comments?post=9547"}],"version-history":[{"count":1,"href":"https:\/\/www.bizbon.com\/lt\/wp-json\/wp\/v2\/pages\/9547\/revisions"}],"predecessor-version":[{"id":9549,"href":"https:\/\/www.bizbon.com\/lt\/wp-json\/wp\/v2\/pages\/9547\/revisions\/9549"}],"wp:featuredmedia":[{"embeddable":true,"href":"https:\/\/www.bizbon.com\/lt\/wp-json\/wp\/v2\/media\/9177"}],"wp:attachment":[{"href":"https:\/\/www.bizbon.com\/lt\/wp-json\/wp\/v2\/media?parent=9547"}],"curies":[{"name":"wp","href":"https:\/\/api.w.org\/{rel}","templated":true}]}}