{"id":10013,"date":"2023-09-18T14:02:50","date_gmt":"2023-09-18T12:02:50","guid":{"rendered":"https:\/\/www.bizbon.com\/verslo-paslaugos-tenerifeje\/"},"modified":"2023-09-18T14:02:50","modified_gmt":"2023-09-18T12:02:50","slug":"verslo-paslaugos-tenerifeje","status":"publish","type":"page","link":"https:\/\/www.bizbon.com\/lt\/verslo-paslaugos-tenerifeje\/","title":{"rendered":"Verslo paslaugos Tenerif\u0117je"},"content":{"rendered":"<h2><span ><strong>Verslo paslaugos Tenerif\u0117je<\/strong><\/span><\/h2>\n<p>Tenerif\u0117s klimatas vienas geriausi\u0173 pasaulyje. Pietin\u0117je Tenerif\u0117s dalyje vidutin\u0117 metin\u0117 temperat\u016bra + 25 \u00b0C. Sala turi \u00a0netoli 1 milijono gyventoj\u0173. Be to kasmet Tenerif\u0117s sal\u0105 aplanko\u00a0 apie 5 milijonus turist\u0173.<br \/>\nPietin\u0117 Tenerif\u0117s pakrant\u0117 populiari ir tarp lietuvi\u0173. Puerto De Santiago miestelyje yra \u012fkurta netgi lietuvi\u0173 mokykla. Be to yra reguliar\u016bs tiesioginiai skryd\u017eiai i\u0161 Vilniaus \u012f pietin\u012f Tenerif\u0117s oro uost\u0105 (kelion\u0117 trunka ~6 h).<br \/>\nD\u0117l did\u0117jan\u010dios populiacijos ir gausaus turist\u0173 srauto, Tenerif\u0117s verslo aplinka yra palanki verslo pl\u0117tojimui. Daug galimybi\u0173 turizmo, nekilnojamo turto srityse.<\/p>\n<p>M\u016bs\u0173 teikiamos paslaugos Tenerif\u0117je:<\/p>\n<ol>\n<li><a href=\"https:\/\/www.bizbon.com\/lt\/imones-registracija-tenerifeje\/\"><u>\u012emoni\u0173 steigimas Tenerif\u0117je<\/u><\/a><\/li>\n<li><a href=\"https:\/\/www.bizbon.com\/lt\/buhalterines-paslaugos-tenerifeje\/\"><u>Buhalterin\u0117s paslaugos Tenerif\u0117je<\/u><\/a><\/li>\n<li><a href=\"https:\/\/www.bizbon.com\/lt\/verslo-pirkimas-tenerifeje\/\"><u>Veikian\u010dio verslo pirkimas \u2013 pardavimas Tenerif\u0117je.<\/u><\/a><\/li>\n<li><a href=\"https:\/\/www.bizbon.com\/lt\/teisines-paslaugos-tenerifeje\/\"><u>Teisininko konsultacija Tenerif\u0117je<\/u><\/a><\/li>\n<\/ol>\n<h2>Mokes\u010diai verslui Tenerif\u0117je<\/h2>\n<p><span style=\"text-decoration: underline;\">Standartinis pelno mokestis<\/span> Tenerif\u0117je 25%. Ta\u010diau yra keletas i\u0161im\u010di\u0173. Pavyzd\u017eiui, naujos \u012fmones moka 15%; bendrov\u0117s, kurios yra registruotos laisvoje Kanar\u0173 ekonomikos zonoje (ZEC) ir sukuria bent 3 darbo vietas moka 4%;\u00a0 ir kt.<\/p>\n<p><span style=\"text-decoration: underline;\">Socialinis draudimas<\/span> (skai\u010diuojant darbuotojo ir darbdavio mokest\u012f), &#8211; 38%. Kas m\u0117nes\u012f teks sumok\u0117ti ma\u017eiausiai \u00a0300 Eur u\u017e darbuotoj\u0105. Egzistuoja socialinio draudimo lubos, t.y. jei metin\u0117s pajamos bus didesn\u0117s kaip 34\u2018000, tokiu atveju daugiau kaip 14\u2018000 Eur mokes\u010dio per metus neteks moketi.<\/p>\n<p>Taikomas progresinis <span style=\"text-decoration: underline;\">pajam\u0173 mokestis<\/span> priklausomai nuo veiklos formos ir pajam\u0173 dyd\u017eio gali svyruoti nuo 19% iki 45%. Pajam\u0173 mokestis pagal individuali\u0105 veikl\u0105 15% (pirmus 3 metus taikoma lengvata 7%. Tuo pat metu metu reikia susimok\u0117ti ir Socialinio draudmo mokest\u012f ~200 Eur \/ m\u0117n.)<\/p>\n<p><span style=\"text-decoration: underline;\">PVM Tenerif\u0117je anaglogas IGIC<\/span>\u00a0 (Impuesto General Indirecto Canario) mokestis, kuris standarti\u0161kai daugumai preki\u0173cyra 7%. Knygoms, vaistams, vandeiui yra taikomas 0% tarifas; chemija, tekstil\u0117, popierius, mediena, automobili\u0173 remontas, tranporto paslaugos 3%.; tabakas ir alkoholis 13,5%;<\/p>\n<p>Perkant nekilnoj\u0105j\u012f turt\u0105 Tenerif\u0117je reikia tur\u0117ti omeny, kad teks sumok\u0117ti \u012fvairiu mokes\u010di\u0173 ir patirti papildom\u0173 i\u0161laid\u0173 (mokes\u010diai, notaras, registracija ir pan.) kuri\u0173 bendra suma yra ~10% turto vert\u0117s.<\/p>\n","protected":false},"excerpt":{"rendered":"<p>Verslo paslaugos Tenerif\u0117je Tenerif\u0117s klimatas vienas geriausi\u0173 pasaulyje. Pietin\u0117je Tenerif\u0117s dalyje vidutin\u0117 metin\u0117 temperat\u016bra + 25 \u00b0C. Sala turi \u00a0netoli [&hellip;]<\/p>\n","protected":false},"author":2,"featured_media":9177,"parent":0,"menu_order":0,"comment_status":"closed","ping_status":"open","template":"page-leftsidebar.php","meta":{"_acf_changed":false,"footnotes":""},"class_list":["post-10013","page","type-page","status-publish","has-post-thumbnail","hentry"],"acf":[],"_links":{"self":[{"href":"https:\/\/www.bizbon.com\/lt\/wp-json\/wp\/v2\/pages\/10013","targetHints":{"allow":["GET"]}}],"collection":[{"href":"https:\/\/www.bizbon.com\/lt\/wp-json\/wp\/v2\/pages"}],"about":[{"href":"https:\/\/www.bizbon.com\/lt\/wp-json\/wp\/v2\/types\/page"}],"author":[{"embeddable":true,"href":"https:\/\/www.bizbon.com\/lt\/wp-json\/wp\/v2\/users\/2"}],"replies":[{"embeddable":true,"href":"https:\/\/www.bizbon.com\/lt\/wp-json\/wp\/v2\/comments?post=10013"}],"version-history":[{"count":0,"href":"https:\/\/www.bizbon.com\/lt\/wp-json\/wp\/v2\/pages\/10013\/revisions"}],"wp:featuredmedia":[{"embeddable":true,"href":"https:\/\/www.bizbon.com\/lt\/wp-json\/wp\/v2\/media\/9177"}],"wp:attachment":[{"href":"https:\/\/www.bizbon.com\/lt\/wp-json\/wp\/v2\/media?parent=10013"}],"curies":[{"name":"wp","href":"https:\/\/api.w.org\/{rel}","templated":true}]}}