{"id":10010,"date":"2023-09-18T14:02:50","date_gmt":"2023-09-18T12:02:50","guid":{"rendered":"https:\/\/www.bizbon.com\/buhalterines-paslaugos-tenerifeje\/"},"modified":"2024-07-16T05:39:09","modified_gmt":"2024-07-16T02:39:09","slug":"buhalterines-paslaugos-tenerifeje","status":"publish","type":"page","link":"https:\/\/www.bizbon.com\/lt\/buhalterines-paslaugos-tenerifeje\/","title":{"rendered":"Buhalterin\u0117s paslaugos Tenerif\u0117je"},"content":{"rendered":"<h2><span ><strong>Buhalterin\u0117s apskaitos paslaugos Tenerif\u0117je<\/strong><\/span><\/h2>\n<p>Pasir\u016bpinsime j\u016bs\u0173 \u012fmon\u0117s buhalterine apskaita Tenerif\u0117je, laikydamiesi Ispanijos teisini\u0173 akt\u0173 reikalavim\u0173. Apskait\u0105 vedame nuo pirmini\u0173 \u012fmon\u0117s dokument\u0173, darbo u\u017emokes\u010dio apskaitos iki \u012fvairi\u0173 ataskait\u0173 sudarymo bei pateikimo reikiamoms institucijoms.<br \/>\nBuhalterini\u0173 paslaug\u0173 kaina priklauso nuo dokument\u0173 kiekio ir darbuotoj\u0173 skai\u010diaus. Kaina prasideda nuo 200 Eur \/ m\u0117n.<\/p>\n<p>Ispani\u0161koms bendrov\u0117ms b\u016btina pateikti \u012fvairias ketvirtines ir metines \u012fmon\u0117s veiklos ataskatais. M\u016bs\u0173 buhalteriai kalba angl\u0173 ir rus\u0173 kalbomis, greitu metu planuojame tur\u0117ti ir lietuvi\u0161kai kalbant\u012f buhalter\u012f.<\/p>\n<p>D\u0117l platesn\u0117s informacijos pra\u0161ome <a href=\"https:\/\/www.bizbon.com\/lt\/kontaktai\/\">susisiekti su mumis<\/a><\/p>\n<p>Daugiau apie kitas m\u016bs\u0173 si\u016blomas paslaugas:<br \/>\n<a href=\"https:\/\/www.bizbon.com\/lt\/imones-registracija-tenerifeje\/\">\u012emon\u0117s registracija Tenerif\u0117j\u0117<\/a><br \/>\n<a href=\"https:\/\/www.bizbon.com\/lt\/buhalterines-paslaugos-tenerifeje\/\">Veikian\u010dio verslo pirkimas ir pardavimas Tenerifej\u0117<\/a><\/p>\n","protected":false},"excerpt":{"rendered":"<p>Buhalterin\u0117s apskaitos paslaugos Tenerif\u0117je Pasir\u016bpinsime j\u016bs\u0173 \u012fmon\u0117s buhalterine apskaita Tenerif\u0117je, laikydamiesi Ispanijos teisini\u0173 akt\u0173 reikalavim\u0173. Apskait\u0105 vedame nuo pirmini\u0173 \u012fmon\u0117s [&hellip;]<\/p>\n","protected":false},"author":2,"featured_media":9177,"parent":0,"menu_order":0,"comment_status":"closed","ping_status":"closed","template":"page-leftsidebar.php","meta":{"_acf_changed":false,"footnotes":""},"class_list":["post-10010","page","type-page","status-publish","has-post-thumbnail","hentry"],"acf":[],"_links":{"self":[{"href":"https:\/\/www.bizbon.com\/lt\/wp-json\/wp\/v2\/pages\/10010","targetHints":{"allow":["GET"]}}],"collection":[{"href":"https:\/\/www.bizbon.com\/lt\/wp-json\/wp\/v2\/pages"}],"about":[{"href":"https:\/\/www.bizbon.com\/lt\/wp-json\/wp\/v2\/types\/page"}],"author":[{"embeddable":true,"href":"https:\/\/www.bizbon.com\/lt\/wp-json\/wp\/v2\/users\/2"}],"replies":[{"embeddable":true,"href":"https:\/\/www.bizbon.com\/lt\/wp-json\/wp\/v2\/comments?post=10010"}],"version-history":[{"count":1,"href":"https:\/\/www.bizbon.com\/lt\/wp-json\/wp\/v2\/pages\/10010\/revisions"}],"predecessor-version":[{"id":11563,"href":"https:\/\/www.bizbon.com\/lt\/wp-json\/wp\/v2\/pages\/10010\/revisions\/11563"}],"wp:featuredmedia":[{"embeddable":true,"href":"https:\/\/www.bizbon.com\/lt\/wp-json\/wp\/v2\/media\/9177"}],"wp:attachment":[{"href":"https:\/\/www.bizbon.com\/lt\/wp-json\/wp\/v2\/media?parent=10010"}],"curies":[{"name":"wp","href":"https:\/\/api.w.org\/{rel}","templated":true}]}}