{"id":10009,"date":"2023-09-18T14:02:50","date_gmt":"2023-09-18T12:02:50","guid":{"rendered":"https:\/\/www.bizbon.com\/imones-registracija-tenerifeje\/"},"modified":"2023-09-18T14:02:50","modified_gmt":"2023-09-18T12:02:50","slug":"imones-registracija-tenerifeje","status":"publish","type":"page","link":"https:\/\/www.bizbon.com\/lt\/imones-registracija-tenerifeje\/","title":{"rendered":"\u012emon\u0117s registracija Tenerif\u0117je"},"content":{"rendered":"<h2><span ><strong>\u012emon\u0117s registracija Tenerif\u0117je<\/strong><\/span><\/h2>\n<p>\u012emon\u0117s steigimas Tenerif\u0117je trunka apie pusantro m\u0117nesio. Trumpai kaip vyksta \u012fmon\u0117s registracija Tenerif\u0117je:<\/p>\n<ol>\n<li>Pasira\u0161oma sutartis d\u0117l paslaug\u0173. Gaunamas apmok\u0117jimas 1500 Eur. \u012e kain\u0105 \u012fskai\u010diuota visi registracijos bei notariniai mokes\u010diai.<\/li>\n<li>Jums reik\u0117s atidaryti banko s\u0105skait\u0105 Tenerif\u0117je ir \u012fne\u0161ti \u012fstatin\u012f kapital\u0105. Minimalus \u012fmon\u0117s kapitalas yra 3000 Eur<u>. Taip pat \u0161i\u0105 ir kitas proced\u016bras gali atlikti m\u016bs\u0173 atstovas su notariniu \u012fgaliojimu.<\/u><\/li>\n<li>Pasira\u0161omi \u012fmon\u0117s steigimo dokumentai pas notar\u0105.<\/li>\n<li>Po ma\u017edaug 4 savai\u010di\u0173 \u012fmon\u0117 bus \u012fsteigta.<\/li>\n<li>\u012eregistravimas mokes\u010di\u0173 mok\u0117toju CIF. Tai gali u\u017etrukti papildomai kelet\u0105 savai\u010di\u0173. Po to gal\u0117site aktyvuoti savo banko s\u0105skait\u0105 (i\u0161 kaupiamosios pakeisti \u012f einam\u0105j\u0105 banko s\u0105skait\u0105).<\/li>\n<\/ol>\n<p>* \u012emon\u0117s registracijos metu jums bus reikalingas <strong>NIE<\/strong> (N\u00famero de Identificaci\u00f3n de Extranjero) asmens identifikavimo numeris. \u0160is numeris reikalingas visiems ne Ispanijos pilie\u010diams. J\u012f nesud\u0117tingai galima gauti arba Tenerif\u0117je specialioje policijos nuovadoje arba Ispanijos ambasadoje Lietuvoje.<\/p>\n<p>D\u0117l platesn\u0117s informacijos, pra\u0161ome <a href=\"https:\/\/www.bizbon.com\/lt\/kontaktai\/\"><u>susisiekti su mumis<\/u><\/a><\/p>\n<p>Mums reikalingi dokumentai:<\/p>\n<ol>\n<li>Steig\u0117j\u0173, direktoriaus asmens dokument\u0173 kopijos bei NIE kodas.<\/li>\n<li>Banko dokumentas apie suformuot\u0105 \u012fstatin\u012f kapital\u0105 3000 Eur (arba daugiau).<\/li>\n<li>Adresas kur bus \u012fregistruota \u012fmon\u0117 Tenerif\u0117je.<\/li>\n<\/ol>\n<p>Galb\u016bt ie\u0161kote jau veikian\u010dio verslo? Daugiau informacijos <a href=\"https:\/\/www.bizbon.com\/lt\/verslo-pirkimas-tenerifeje\/\">rasite \u010dia<\/a><\/p>\n","protected":false},"excerpt":{"rendered":"<p>\u012emon\u0117s registracija Tenerif\u0117je \u012emon\u0117s steigimas Tenerif\u0117je trunka apie pusantro m\u0117nesio. Trumpai kaip vyksta \u012fmon\u0117s registracija Tenerif\u0117je: Pasira\u0161oma sutartis d\u0117l paslaug\u0173. [&hellip;]<\/p>\n","protected":false},"author":2,"featured_media":9177,"parent":0,"menu_order":0,"comment_status":"closed","ping_status":"open","template":"page-leftsidebar.php","meta":{"_acf_changed":false,"footnotes":""},"class_list":["post-10009","page","type-page","status-publish","has-post-thumbnail","hentry"],"acf":[],"_links":{"self":[{"href":"https:\/\/www.bizbon.com\/lt\/wp-json\/wp\/v2\/pages\/10009","targetHints":{"allow":["GET"]}}],"collection":[{"href":"https:\/\/www.bizbon.com\/lt\/wp-json\/wp\/v2\/pages"}],"about":[{"href":"https:\/\/www.bizbon.com\/lt\/wp-json\/wp\/v2\/types\/page"}],"author":[{"embeddable":true,"href":"https:\/\/www.bizbon.com\/lt\/wp-json\/wp\/v2\/users\/2"}],"replies":[{"embeddable":true,"href":"https:\/\/www.bizbon.com\/lt\/wp-json\/wp\/v2\/comments?post=10009"}],"version-history":[{"count":0,"href":"https:\/\/www.bizbon.com\/lt\/wp-json\/wp\/v2\/pages\/10009\/revisions"}],"wp:featuredmedia":[{"embeddable":true,"href":"https:\/\/www.bizbon.com\/lt\/wp-json\/wp\/v2\/media\/9177"}],"wp:attachment":[{"href":"https:\/\/www.bizbon.com\/lt\/wp-json\/wp\/v2\/media?parent=10009"}],"curies":[{"name":"wp","href":"https:\/\/api.w.org\/{rel}","templated":true}]}}