{"id":10007,"date":"2023-09-18T14:02:50","date_gmt":"2023-09-18T12:02:50","guid":{"rendered":"https:\/\/www.bizbon.com\/programu-kurimas-programavimas\/"},"modified":"2024-07-20T16:56:40","modified_gmt":"2024-07-20T13:56:40","slug":"programu-kurimas-programavimas","status":"publish","type":"page","link":"https:\/\/www.bizbon.com\/lt\/programu-kurimas-programavimas\/","title":{"rendered":"Program\u0173 k\u016brimas. Programavimas"},"content":{"rendered":"<h2><span ><strong>Program\u0173 k\u016brimas. Programavimas<\/strong><\/span><\/h2>\n<p>M\u016bs\u0173 <a href=\"https:\/\/www.bizbonsoft.com\/programavimo-paslaugos\/programu-kurimas-verslui\/\" target=\"_blank\" rel=\"noopener noreferrer nofollow\">program\u0173 k\u016brimo<\/a> padalinys si\u016blo nestandartinius programinius sprendimus pritaikytus pagal veiklos srit\u012f bei individualius poreikius. Specializuoti informacini\u0173 technologij\u0173 produktai padeda sukontroliuoti verslo valdymo procesus bei u\u017etikrinti darb\u0173 eig\u0105.<\/p>\n<p>Kuriame \u012fvairias programas arba galime perimti jau veikian\u010dias sistemas bei jas pri\u017ei\u016br\u0117ti, tobulinti bei konsultuoti.<\/p>\n<p>Turime progrmavimo darbo patirties tokiose sferose kaip:<\/p>\n<ul>\n<li>Medicina<\/li>\n<li>Buhalterija, apskaita, finansai<\/li>\n<li>Teis\u0117<\/li>\n<li>Draudimas<\/li>\n<li>Mok\u0117jimo sistemos<\/li>\n<li>\u017daidimai<\/li>\n<li>Gamyba ir chemijos pramon\u0117<\/li>\n<li>Media ir socialiniai tinklai<\/li>\n<li>Neuroniniai tinklai ir dirbtinis intelektas<\/li>\n<li>Dokument\u0173 valdymas<\/li>\n<\/ul>\n<p>Dirbame su tokiom technologijom kaip:<\/p>\n<p>NET, J2EE, PHP, MSSQL, Oracle, My SQL, Sybase, SQLite, ASP.Net, HTML\/Javascript, XML\/XSL\/XSLT, Internet Server API (ISAPI), <a href=\"https:\/\/www.ipv4leasebuy.com\/\" rel=\"nofollow noopener\" target=\"_blank\">IPv4 Lease<\/a>, C#, Visual Basic, C\/C++ \/Objective C, Java, Object Pascal (Delphi), Don Net Nuke, Orchard, Jumla, Word Press ir kt.<\/p>\n","protected":false},"excerpt":{"rendered":"<p>Program\u0173 k\u016brimas. Programavimas M\u016bs\u0173 program\u0173 k\u016brimo padalinys si\u016blo nestandartinius programinius sprendimus pritaikytus pagal veiklos srit\u012f bei individualius poreikius. Specializuoti informacini\u0173 [&hellip;]<\/p>\n","protected":false},"author":2,"featured_media":9177,"parent":0,"menu_order":0,"comment_status":"closed","ping_status":"open","template":"page-leftsidebar.php","meta":{"_acf_changed":false,"footnotes":""},"class_list":["post-10007","page","type-page","status-publish","has-post-thumbnail","hentry"],"acf":[],"_links":{"self":[{"href":"https:\/\/www.bizbon.com\/lt\/wp-json\/wp\/v2\/pages\/10007","targetHints":{"allow":["GET"]}}],"collection":[{"href":"https:\/\/www.bizbon.com\/lt\/wp-json\/wp\/v2\/pages"}],"about":[{"href":"https:\/\/www.bizbon.com\/lt\/wp-json\/wp\/v2\/types\/page"}],"author":[{"embeddable":true,"href":"https:\/\/www.bizbon.com\/lt\/wp-json\/wp\/v2\/users\/2"}],"replies":[{"embeddable":true,"href":"https:\/\/www.bizbon.com\/lt\/wp-json\/wp\/v2\/comments?post=10007"}],"version-history":[{"count":1,"href":"https:\/\/www.bizbon.com\/lt\/wp-json\/wp\/v2\/pages\/10007\/revisions"}],"predecessor-version":[{"id":11743,"href":"https:\/\/www.bizbon.com\/lt\/wp-json\/wp\/v2\/pages\/10007\/revisions\/11743"}],"wp:featuredmedia":[{"embeddable":true,"href":"https:\/\/www.bizbon.com\/lt\/wp-json\/wp\/v2\/media\/9177"}],"wp:attachment":[{"href":"https:\/\/www.bizbon.com\/lt\/wp-json\/wp\/v2\/media?parent=10007"}],"curies":[{"name":"wp","href":"https:\/\/api.w.org\/{rel}","templated":true}]}}