{"id":10006,"date":"2023-09-18T14:02:50","date_gmt":"2023-09-18T12:02:50","guid":{"rendered":"https:\/\/www.bizbon.com\/internetiniu-parduotuviu-kurimas\/"},"modified":"2024-07-16T15:41:43","modified_gmt":"2024-07-16T12:41:43","slug":"internetiniu-parduotuviu-kurimas","status":"publish","type":"page","link":"https:\/\/www.bizbon.com\/lt\/internetiniu-parduotuviu-kurimas\/","title":{"rendered":"Internetini\u0173 parduotuvi\u0173 k\u016brimas"},"content":{"rendered":"<h2><span ><strong>Internetini\u0173 parduotuvi\u0173 k\u016brimas<\/strong><\/span><\/h2>\n<p>M\u016bs\u0173 komanda pad\u0117s sukurti <a href=\"https:\/\/www.bizbonsoft.com\/internetines-svetaines\/parduotuviu-kurimas\/\" target=\"_blank\" rel=\"noopener nofollow\">internetin\u0119 parduotuv\u0119<\/a> bei suteiks prie\u017ei\u016bros bei tobulinimo paslaugas.<br \/>\n<strong><br \/>\n<\/strong>Internetin\u0117 komercija apima \u012fvairias verslo r\u016b\u0161is tokias kaip ma\u017emenin\u0117 prekyba, prekyba aukciono b\u016bdu, preki\u0173 ar paslaug\u0173 mainai. Internetin\u0117s parduotuv\u0117s labai populiar\u0117ja, tai galima pasteb\u0117ti, kad didesn\u0117 dali prekybinink\u0173 si\u016blo savo produkcij\u0105 interente.<\/p>\n<p>Per pastaruosius metus elektronin\u0117 komercija spar\u010diai i\u0161sipl\u0117t\u0117 ir, kaip tikimasi, \u0161i pl\u0117tra ateityje vystysis dar labiau. Netolimoje ateityje ribos tarp tradicin\u0117s ir internetin\u0117s prekybos taps vis ma\u017eiau ai\u0161kios, nes vis daugiau \u012fmoni\u0173 didesn\u0119 preki\u0173 dal\u012f perkelia \u012f internet\u0105.<\/p>\n<p>Kai kurie el. prekybos privalumai:<\/p>\n<ul>\n<li>Patogumas. Internetin\u0117 prekyba gali vykti 24 valandas per par\u0105, septynias dienas per savait\u0119.<\/li>\n<li>Pasirinkimas. Internetin\u0117s parduotuv\u0117s gali pasi\u016blyti vartotojams be galo didel\u012f preki\u0173 pasirinkim\u0105, kurio jie negal\u0117t\u0173 pasiekti kitais b\u016bdais.<\/li>\n<li>Neb\u016btina tur\u0117ti prekes sand\u0117lyje. Populiaros <em>Drop and Ship<\/em> prekybos b\u016bdas leid\u017eia u\u017esakyti ir i\u0161ssi\u016bsti prekes pirk\u0117jui, kai jau yra gaunamas u\u017esakymas ir u\u017e prekes yra apmokama i\u0161 anksto.<\/li>\n<\/ul>\n","protected":false},"excerpt":{"rendered":"<p>Internetini\u0173 parduotuvi\u0173 k\u016brimas M\u016bs\u0173 komanda pad\u0117s sukurti internetin\u0119 parduotuv\u0119 bei suteiks prie\u017ei\u016bros bei tobulinimo paslaugas. Internetin\u0117 komercija apima \u012fvairias verslo [&hellip;]<\/p>\n","protected":false},"author":2,"featured_media":9177,"parent":0,"menu_order":0,"comment_status":"closed","ping_status":"closed","template":"page-leftsidebar.php","meta":{"_acf_changed":false,"footnotes":""},"class_list":["post-10006","page","type-page","status-publish","has-post-thumbnail","hentry"],"acf":[],"_links":{"self":[{"href":"https:\/\/www.bizbon.com\/lt\/wp-json\/wp\/v2\/pages\/10006","targetHints":{"allow":["GET"]}}],"collection":[{"href":"https:\/\/www.bizbon.com\/lt\/wp-json\/wp\/v2\/pages"}],"about":[{"href":"https:\/\/www.bizbon.com\/lt\/wp-json\/wp\/v2\/types\/page"}],"author":[{"embeddable":true,"href":"https:\/\/www.bizbon.com\/lt\/wp-json\/wp\/v2\/users\/2"}],"replies":[{"embeddable":true,"href":"https:\/\/www.bizbon.com\/lt\/wp-json\/wp\/v2\/comments?post=10006"}],"version-history":[{"count":1,"href":"https:\/\/www.bizbon.com\/lt\/wp-json\/wp\/v2\/pages\/10006\/revisions"}],"predecessor-version":[{"id":11660,"href":"https:\/\/www.bizbon.com\/lt\/wp-json\/wp\/v2\/pages\/10006\/revisions\/11660"}],"wp:featuredmedia":[{"embeddable":true,"href":"https:\/\/www.bizbon.com\/lt\/wp-json\/wp\/v2\/media\/9177"}],"wp:attachment":[{"href":"https:\/\/www.bizbon.com\/lt\/wp-json\/wp\/v2\/media?parent=10006"}],"curies":[{"name":"wp","href":"https:\/\/api.w.org\/{rel}","templated":true}]}}