{"id":10005,"date":"2023-09-18T14:02:50","date_gmt":"2023-09-18T12:02:50","guid":{"rendered":"https:\/\/www.bizbon.com\/internetiniu-svetainiu-kurimas\/"},"modified":"2024-07-16T15:42:08","modified_gmt":"2024-07-16T12:42:08","slug":"internetiniu-svetainiu-kurimas","status":"publish","type":"page","link":"https:\/\/www.bizbon.com\/lt\/internetiniu-svetainiu-kurimas\/","title":{"rendered":"Internetini\u0173 svetaini\u0173 k\u016brimas"},"content":{"rendered":"<h2><span ><strong>Internetini\u0173 svetaini\u0173 k\u016brimas<\/strong><\/span><\/h2>\n<p>M\u016bs\u0173 <a href=\"https:\/\/www.bizbonsoft.com\/internetines-svetaines\/kurimas\/\" target=\"_blank\" rel=\"noopener nofollow\">internetini\u0173 svetaini\u0173 k\u016brimo<\/a> komanda greitai ir kokybi\u0161kai sukurs j\u016bs\u0173 poreikius atitinkan\u010di\u0105 internetin\u0119 svetain\u0119. Parinksime tinkamiausias technologijas, kad internetinis puslapis greitai ir saugiai veikt\u0173 bei \u0161auniai atrodyt\u0173.<\/p>\n<p>Pritaikysime internetinio puslapio dizain\u0105 pagal j\u016bs\u0173 veiklos specifik\u0105 bei skon\u012f. Be to puslap\u012f suprogramuosime taip, kad b\u016bt\u0173 ai\u0161ki navigacija, lankytojas gal\u0117t\u0173 greitai rasti reikiam\u0105 informacij\u0105. Taip pat puslap\u012f pritaikysime <em>Google <\/em>paie\u0161kos sistemai, kad j\u016bs\u0173 internetin\u0117 svetain\u0117 b\u016bt\u0173 lengviau randama pagal reikiamus raktinius \u017eod\u017eius.<\/p>\n<p>Naudojame pa\u017eangiausius programavimo \u012frankius ir technologijas. Visos kuriamos internetin\u0117s svetain\u0117s yra prisitaikan\u010dios prie \u012frengini\u0173 ar tai b\u016bt\u0173 kompiuteris, plan\u010det\u0117 ar mobilus telefonas. Tod\u0117l\u00a0 toks prisitaikantis internetinis puslapis veiks visose nar\u0161ykl\u0117se ir \u012frenginiuose, kuris v\u0117liau gali b\u016bti panaudotas kuriant program\u0117l\u0119 mobiliesiems \u012frenginiams.<\/p>\n","protected":false},"excerpt":{"rendered":"<p>Internetini\u0173 svetaini\u0173 k\u016brimas M\u016bs\u0173 internetini\u0173 svetaini\u0173 k\u016brimo komanda greitai ir kokybi\u0161kai sukurs j\u016bs\u0173 poreikius atitinkan\u010di\u0105 internetin\u0119 svetain\u0119. Parinksime tinkamiausias technologijas, [&hellip;]<\/p>\n","protected":false},"author":2,"featured_media":9177,"parent":0,"menu_order":0,"comment_status":"closed","ping_status":"closed","template":"page-leftsidebar.php","meta":{"_acf_changed":false,"footnotes":""},"class_list":["post-10005","page","type-page","status-publish","has-post-thumbnail","hentry"],"acf":[],"_links":{"self":[{"href":"https:\/\/www.bizbon.com\/lt\/wp-json\/wp\/v2\/pages\/10005","targetHints":{"allow":["GET"]}}],"collection":[{"href":"https:\/\/www.bizbon.com\/lt\/wp-json\/wp\/v2\/pages"}],"about":[{"href":"https:\/\/www.bizbon.com\/lt\/wp-json\/wp\/v2\/types\/page"}],"author":[{"embeddable":true,"href":"https:\/\/www.bizbon.com\/lt\/wp-json\/wp\/v2\/users\/2"}],"replies":[{"embeddable":true,"href":"https:\/\/www.bizbon.com\/lt\/wp-json\/wp\/v2\/comments?post=10005"}],"version-history":[{"count":1,"href":"https:\/\/www.bizbon.com\/lt\/wp-json\/wp\/v2\/pages\/10005\/revisions"}],"predecessor-version":[{"id":11661,"href":"https:\/\/www.bizbon.com\/lt\/wp-json\/wp\/v2\/pages\/10005\/revisions\/11661"}],"wp:featuredmedia":[{"embeddable":true,"href":"https:\/\/www.bizbon.com\/lt\/wp-json\/wp\/v2\/media\/9177"}],"wp:attachment":[{"href":"https:\/\/www.bizbon.com\/lt\/wp-json\/wp\/v2\/media?parent=10005"}],"curies":[{"name":"wp","href":"https:\/\/api.w.org\/{rel}","templated":true}]}}