{"id":10004,"date":"2023-09-18T14:02:50","date_gmt":"2023-09-18T12:02:50","guid":{"rendered":"https:\/\/www.bizbon.com\/karjera\/"},"modified":"2023-09-18T14:02:50","modified_gmt":"2023-09-18T12:02:50","slug":"karjera","status":"publish","type":"page","link":"https:\/\/www.bizbon.com\/lt\/karjera\/","title":{"rendered":"Karjera"},"content":{"rendered":"<h2><span ><strong>Teisininko asistento darbo pozicija Vilniuje<\/strong><\/span><\/h2>\n<h3>Darbo pob\u016bdis<\/h3>\n<ul>\n<li>\u012evairi\u0173 dokument\u0173 rengimas \u012fmoni\u0173 teis\u0117s srityje, informacijos suvedimas \u012f kompiuter\u012f (\u012fmoni\u0173 steigimas, likvidavimas, sutar\u010di\u0173 rengimas, teis\u0117s akt\u0173 analiz\u0117: Darbo bir\u017ea, Migracija ir kt.);<\/li>\n<li>Bendravimas telefonu ir gyvai su klientais bei valstybin\u0117mis institucijomis;<\/li>\n<\/ul>\n<h3>Reikalavimai<\/h3>\n<ul>\n<li>Sugeb\u0117jimas tinkamai planuoti darbo laik\u0105;<\/li>\n<li>Angl\u0173 arba rus\u0173 kalbos \u017einios;<\/li>\n<li>Atsakingumas, punktualumas;<\/li>\n<li>Geri darbo kompiuteriu \u012fg\u016bd\u017eiai;<\/li>\n<li>Privalumas: vairuotojo pa\u017eym\u0117jimas ir nuosavas automobilis.<\/li>\n<\/ul>\n<h3>Mes Jums si\u016blome<\/h3>\n<ul>\n<li>Galimyb\u0119 studijas derinti su darbu;<\/li>\n<li>Atlyginim\u0105 pagal susitarim\u0105;<\/li>\n<li>Karjeros galimybes;<\/li>\n<li>Pirminius apmokymus;<\/li>\n<li>Konfidencialum\u0105 atrankos metu garantuojame;<\/li>\n<\/ul>\n<p>Gyvenimo apra\u0161ym\u0105 pra\u0161ome atsi\u0173sti el.pa\u0161tu: work@bizbon.com<\/p>\n","protected":false},"excerpt":{"rendered":"<p>Teisininko asistento darbo pozicija Vilniuje Darbo pob\u016bdis \u012evairi\u0173 dokument\u0173 rengimas \u012fmoni\u0173 teis\u0117s srityje, informacijos suvedimas \u012f kompiuter\u012f (\u012fmoni\u0173 steigimas, likvidavimas, [&hellip;]<\/p>\n","protected":false},"author":2,"featured_media":9177,"parent":0,"menu_order":0,"comment_status":"closed","ping_status":"open","template":"page-leftsidebar.php","meta":{"_acf_changed":false,"footnotes":""},"class_list":["post-10004","page","type-page","status-publish","has-post-thumbnail","hentry"],"acf":[],"_links":{"self":[{"href":"https:\/\/www.bizbon.com\/lt\/wp-json\/wp\/v2\/pages\/10004","targetHints":{"allow":["GET"]}}],"collection":[{"href":"https:\/\/www.bizbon.com\/lt\/wp-json\/wp\/v2\/pages"}],"about":[{"href":"https:\/\/www.bizbon.com\/lt\/wp-json\/wp\/v2\/types\/page"}],"author":[{"embeddable":true,"href":"https:\/\/www.bizbon.com\/lt\/wp-json\/wp\/v2\/users\/2"}],"replies":[{"embeddable":true,"href":"https:\/\/www.bizbon.com\/lt\/wp-json\/wp\/v2\/comments?post=10004"}],"version-history":[{"count":0,"href":"https:\/\/www.bizbon.com\/lt\/wp-json\/wp\/v2\/pages\/10004\/revisions"}],"wp:featuredmedia":[{"embeddable":true,"href":"https:\/\/www.bizbon.com\/lt\/wp-json\/wp\/v2\/media\/9177"}],"wp:attachment":[{"href":"https:\/\/www.bizbon.com\/lt\/wp-json\/wp\/v2\/media?parent=10004"}],"curies":[{"name":"wp","href":"https:\/\/api.w.org\/{rel}","templated":true}]}}